{"id":864,"date":"2017-02-02T13:16:32","date_gmt":"2017-02-02T13:16:32","guid":{"rendered":"http:\/\/clubdecampoelpaso.com.ar\/club\/?page_id=864"},"modified":"2020-05-22T20:28:52","modified_gmt":"2020-05-22T20:28:52","slug":"reglamento-2","status":"publish","type":"page","link":"https:\/\/clubdecampoelpaso.com.ar\/club\/reglamento-2\/","title":{"rendered":"Reglamento"},"content":{"rendered":"<p>[vc_row][vc_column][rev_slider_vc alias=\u00bbslider22&#8243;][\/vc_column][\/vc_row][vc_row][vc_column width=\u00bb2\/3&#8243;][vc_column_text]<\/p>\n<h2><strong><span style=\"color: #ff6600;\">CLUB DE CAMPO EL PASO<\/span><\/strong><\/h2>\n<h3><span style=\"color: #ff9900;\"><strong>REGLAMENTO DE GOLF<\/strong><\/span><\/h3>\n<ol>\n<li>AUTORIDADES EN EL AREA GOLF<\/li>\n<li>ETIQUETA<\/li>\n<li>NORMAS PARA EL USO DE LA CANCHA<\/li>\n<li>FUNCIONES DEL STARTER<\/li>\n<li>PRACTICA<\/li>\n<li>HORA DE SALIDA<\/li>\n<li>REGLAS LOCALES<\/li>\n<li>PRINCIPIANTES<\/li>\n<li>VISITANTES, INVITADOS Y JUGADORES CON RECIPROCIDAD<\/li>\n<li>USO DE CARROS EL\u00c9CTRICOS<\/li>\n<\/ol>\n<p style=\"text-align: center;\"><span style=\"color: #003300;\"><strong><u>1. AUTORIDADES EN EL AREA GOLF<\/u><\/strong><\/span><\/p>\n<p><u><\/u>El Capit\u00e1n de golf es la autoridad m\u00e1xima en el \u00e1rea de golf y sus funciones est\u00e1n estipuladas en el estatuto del Club. (Art. 32) Tiene bajo sus \u00f3rdenes al staff de golf. El profesional de golf designado representa al Capit\u00e1n en su ausencia.<\/p>\n<p>El comit\u00e9 de golf est\u00e1 presidido por el Capit\u00e1n e integrado por el Encargado de Cancha, y los representantes de las Comisiones que el Capit\u00e1n designe, e incluye forzosamente al profesional de golf designado del Club. El Comit\u00e9 tiene por objeto asistir al Capit\u00e1n en sus funciones.<\/p>\n<p>El staff de golf est\u00e1 constituido por:<\/p>\n<ul>\n<li>Los Asistentes del profesional, que complementan su labor en la ense\u00f1anza del deporte y en la academia.<\/li>\n<li>El encargado de la Cancha de Golf<\/li>\n<li>Los Comisarios (Marshall) que est\u00e1n a cargo de hacer cumplir el reglamento en la cancha.<\/li>\n<li>Los Starters que tienen a su cargo el control de las salidas de los jugadores a la cancha, de acuerdo al horario establecido. (Tee times)<\/li>\n<li>El Secretario Deportivo que coordina la labor de los dem\u00e1s miembros del staff de golf con los jugadores.<\/li>\n<li>La Capitana de las Damas, quien tiene a su cargo la organizaci\u00f3n deportiva golf\u00edstica femenina y asesora al Capit\u00e1n.<\/li>\n<\/ul>\n<p style=\"text-align: center;\"><span style=\"color: #003300;\"><strong><u>2. ETIQUETA<\/u><\/strong><\/span><\/p>\n<p>En su mayor parte y a diferencia de muchos deportes, el golf se practica sin la supervisi\u00f3n de un \u00e1rbitro. El juego depende de la integridad del individuo para mostrar su consideraci\u00f3n hacia los dem\u00e1s jugadores y acatar las reglas. Todos los jugadores deber\u00edan conducirse de manera disciplinada, demostrando en todo momento cortes\u00eda y esp\u00edritu deportivo, independientemente de cuan competitivos puedan ser.<\/p>\n<p>Los usuarios de la cancha de golf deber\u00e1n, en todo lugar y en todo momento, respetar las reglas de etiqueta de golf del Royal &amp; Ancient Golf Club de St. Andrews, que entre otras normas incluye las siguientes:<\/p>\n<ul>\n<li>Es obligaci\u00f3n de todo golfista practicar el deporte cuidando la seguridad.<\/li>\n<li>No deber\u00e1 golpear antes que el grupo precedente est\u00e9 fuera de alcance.<\/li>\n<li>Si alguien estuviera en riesgo de ser golpeado por la bola jugada, el jugador deber\u00e1 gritar una advertencia. La palabra tradicional para esto es \u201cFORE\u201d.<\/li>\n<li>No deber\u00e1 interferir ni influir en el juego de sus compa\u00f1eros u otros jugadores en la cancha. De preferencia mantener los celulares y otros artefactos electr\u00f3nicos en estado silencioso.<\/li>\n<li>En el green se mantendr\u00e1n fuera de la l\u00ednea de putt de sus compa\u00f1eros de juego.<\/li>\n<li>Deber\u00e1 mantener un ritmo de juego relativamente \u00e1gil, evitando as\u00ed perder distancia con el grupo que lo precede. Si se pierde un hoyo completo, el grupo deber\u00e1 permitir el paso al grupo que lo sigue sin en tener en cuenta la cantidad de jugadores que lo integren.<\/li>\n<li>Los jugadores deber\u00e1n estar listos para jugar al momento que llegue su turno. Cuando el juego de un hoyo ha sido completado, los jugadores deber\u00e1n abandonar el green de inmediato.<\/li>\n<li>El jugador es responsable de rastrillar los bunkers despu\u00e9s de jugar para borrar sus huellas y otras que pudiera haber en ellos. El jugador es responsable de reparar sus divots y piques en el green. De encontrar piques sin reparar, deber\u00edan repararlos tambi\u00e9n. Si encuentra marcas de zapatos, deber\u00edan repararlas luego de completar el juego del hoyo.<\/li>\n<li>Los jugadores procurar\u00e1n causar el menor da\u00f1o posible al campo durante el juego de su vuelta, y evitar\u00e1n sacar divots con el swing de pr\u00e1ctica<\/li>\n<\/ul>\n<p style=\"text-align: center;\"><span style=\"color: #003300;\"><strong><u>3. NORMAS PARA EL USO DE LA CANCHA<\/u><\/strong><\/span><\/p>\n<p>Para preservar el Esp\u00edritu del Juego de Golf, por razones administrativas, de seguridad y ordenamiento y para evitar molestias a los jugadores y da\u00f1os a la cancha, la Comisi\u00f3n directiva ha dispuesto que:<\/p>\n<p><span style=\"color: #808000;\"><strong>3.a) <u>REQUISITOS PARA INGRESAR A LA CANCHA<\/u><\/strong><\/span><\/p>\n<p><strong>\u00a0<\/strong>Fuera de los d\u00edas de torneos, todo jugador podr\u00e1 comenzar su recorrido por el tee de salida del hoyo 1 \u00f3 10 de acuerdo a las indicaciones Secretario Deportivo, Profesionales o Encargado de Casilla de Palos, en ausencia de los anteriores.<\/p>\n<p>Los jugadores consorcistas que deseen ingresar a la cancha por el sector donde viven solicitar\u00e1n la autorizaci\u00f3n a Secretar\u00eda o Encargado de Casilla de Palos quien\u00a0 acordar\u00e1 siempre y cuando el movimiento de jugadores lo permita.<\/p>\n<p><span style=\"color: #808000;\"><strong>3.b)\u00a0<u><\/u><\/strong><strong><u>JUGADORES HABILITADOS PARA EL USO DE LA CANCHA DE GOLF<\/u><\/strong><\/span><\/p>\n<p><u><\/u>Tendr\u00e1n acceso a la Cancha de Golf todos los Socios Plenos, Adherentes, Temporarios Golfistas, sus invitados y Socios de Clubes con \u201cReciprocidad\u201d, que cumpliendo los requisitos del punto \u201ca\u201d, posean Matr\u00edcula de H\u00e1ndicap Nacional Activa y hayan abonado el Green Fee correspondiente, o est\u00e9n adheridos al sistema de Green Fee Premiun o Week, seg\u00fan el d\u00eda.<\/p>\n<p><span style=\"color: #808000;\"><strong>3.c)<\/strong> <strong><u>VESTIMENTA<\/u><\/strong><\/span><\/p>\n<p>Se recuerda a los se\u00f1ores golfistas que existen normas de vestimenta para el juego de golf en el Club. En el caso de que un jugador se presente en la salida con vestimenta inadecuada no podr\u00e1 uso de la cancha de golf, del\u00a0 Putting Green y Driving Range.<\/p>\n<ul>\n<li>Se pueden vestir pantalones largos o bermudas hasta la rodilla. No se permiten shorts de tenis, pantalones o shorts de gimnasia, joggins, trajes de ba\u00f1o, jeans, ni pantalones tipo \u201cpescadores\u201d. Se pueden vestir poleras o remeras, que deben ser con cuello y mangas cortas o largas. No se permiten musculosas. Se encarece mantener la remera o polera dentro del pantal\u00f3n o bermuda<\/li>\n<li>Para las damas se permiten remeras sin mangas.<\/li>\n<li>El calzado de golf deber\u00e1 contar con clavos tipo Soft Spikes (goma &#8211; pl\u00e1stico), estando prohibido el uso de clavos met\u00e1licos.<\/li>\n<\/ul>\n<p style=\"text-align: center;\"><span style=\"color: #003300;\"><strong><u>4. FUNCIONES DEL STARTER<\/u><\/strong><\/span><\/p>\n<p>El Starter es la persona encargada de las siguientes funciones:<\/p>\n<ul>\n<li>Supervisar y controlar que las personas que salen a la cancha lo hagan en cumplimiento de los reglamentos y disposiciones del Club.<\/li>\n<li>Llevar el registro de salidas.<\/li>\n<li>Controlar que los jugadores cumplan con el c\u00f3digo de vestimenta establecido por el Club. El Starter no podr\u00e1 autorizar la salida en caso de incumplimiento de este c\u00f3digo.<\/li>\n<li>Las disposiciones del Starter son de cumplimiento obligatorio por parte de los jugadores.<\/li>\n<li>El Starter sugerir\u00e1 que los jugadores lleven balde con tierra e instruir\u00e1 a los jugadores en la obligaci\u00f3n de mantener el campo en buenas condiciones.<\/li>\n<li>Es obligaci\u00f3n del Starter verificar que los jugadores que no son socios del Club, y deseen salir a jugar acompa\u00f1ados de un socio, hayan cancelado el Green Fee establecido para este fin.<\/li>\n<\/ul>\n<p style=\"text-align: center;\"><span style=\"color: #003300;\"><strong><u>5. PR\u00c1CTICA<\/u><\/strong><\/span><\/p>\n<p>La pr\u00e1ctica debe ser realizada en las zonas habilitadas para este fin: el Driving Range, el Putting Green, el Chipping Green, y el Bunker de Pr\u00e1ctica.\u00a0 Los jugadores deber\u00e1n cumplir con las normas de vestimenta establecidas en este reglamento.\u00a0 Los jugadores no usar\u00e1n las pelotas de pr\u00e1ctica en su juego en la cancha. Las pelotas de pr\u00e1ctica son propiedad del Club y s\u00f3lo deben usarse en las zonas de pr\u00e1ctica.\u00a0 El c\u00f3digo de vestimenta aplica tambi\u00e9n a las zonas de pr\u00e1ctica y su cumplimiento ser\u00e1 exigido.<\/p>\n<p style=\"text-align: center;\"><span style=\"color: #003300;\"><strong><u>6. HORA DE SALIDA<\/u><\/strong><\/span><\/p>\n<p>Las horas de salidas (\u00abtee times\u00bb) est\u00e1n ordenadas por el staff de la oficina de golf y controladas por el Capit\u00e1n. Cada jugador deber\u00e1 registrarse con el starter antes de comenzar el juego. Cualquier jugador que no este presente en el lugar de partida cinco minutos antes de la hora asignada perder\u00e1 su turno y ser\u00e1 reubicado de acuerdo a la disponibilidad del horario de salida. Est\u00e1 terminantemente prohibido el ingreso a la cancha a cualquier persona que no haya sido previamente autorizada por el starter.<\/p>\n<p style=\"text-align: center;\"><span style=\"color: #003300;\"><strong><u>7. REGLAS LOCALES<\/u><\/strong><\/span><\/p>\n<p>En la cancha de golf se respetar\u00e1 las reglas de Royal &amp; Ancient Golf Club de St. Andrews. Tambi\u00e9n se respetar\u00e1 las reglas locales. Las reglas locales podr\u00e1n ser modificadas en cualquier momento por el Capit\u00e1n de golf.<\/p>\n<p style=\"text-align: center;\"><span style=\"color: #003300;\"><strong><u>8. PRINCIPIANTES E INICIADOS &#8211; REGLAMENTO<\/u><\/strong><\/span><\/p>\n<p>El alumno deber\u00e1 registrase en Secretar\u00eda Deportiva para acceder al programa de iniciaci\u00f3n. El mismo consta de 12 clases semanales (3 meses) en las cuales el alumno aprender\u00e1 t\u00e9cnica del swing de Golf, conceptos del juego, reglamento b\u00e1sico, normas de etiqueta y comportamiento en la cancha. Durante este tiempo, Club de Campo El Paso autoriza al alumno a la utilizaci\u00f3n de la zona de pr\u00e1ctica y\/o cancha bajo la supervisi\u00f3n de los Profesores a cargo del proceso de iniciaci\u00f3n sin costo alguno. Durante este proceso es obligatorio aprobar el nivel 1 de reglas.<\/p>\n<p>Terminado este proceso, el alumno que desee continuar con la pr\u00e1ctica del Deporte deber\u00e1 asociarse al Club seg\u00fan la categor\u00eda correspondiente<strong><em>. <\/em><\/strong>Este paso lo autoriza a continuar practicando bajo supervisi\u00f3n de los Profesores y comenzar, de tener la aprobaci\u00f3n en juego y reglas correspondiente, a las salidas a la cancha con otros jugadores matriculados. Las condiciones para el uso de las instalaciones en esta etapa son:<\/p>\n<p>1- Estar asociado en la categor\u00eda correspondiente.<\/p>\n<p>2- Tener el nivel 2 de Reglas aprobado.<\/p>\n<p>3- Abonar el derecho de cancha diario o contratar el abono de Green Fee Premium.<\/p>\n<p>4- Pedir autorizaci\u00f3n en la Secretar\u00eda Deportiva siempre previo a la salida a la cancha<strong><em><u>, <\/u><\/em><\/strong>informando qu\u00e9 jugador lo acompa\u00f1ar\u00e1. Las salidas ser\u00e1n autorizadas seg\u00fan disponibilidad de cancha.<\/p>\n<p>Durante cualquier d\u00eda de la semana o fines de semana, la prioridad de uso ser\u00e1 para los jugadores matriculados.<\/p>\n<p>Ser\u00e1 obligatorio entregar la tarjeta de score luego de cada salida a la cancha realizada, sin importar la cantidad de hoyos jugados o golpes realizados.<\/p>\n<p>Las clases en cancha con los Profesores, para todos aquellos que tengan el abono de Green Fee Premium, no tendr\u00e1n costo de uso de cancha. En caso de no tener contratado este abono, se deber\u00e1 abonar el derecho de uso de cancha (Green fee diario) como una salida normal a la cancha. En cualquiera de ambos casos el alumno deber\u00e1 informar en Secretar\u00eda Deportiva quine autorizar\u00e1 la salida a la cancha seg\u00fan disponibilidad de horarios.<\/p>\n<p>A partir del momento en que el jugador obtenga un promedio de 120 golpes en 5 tarjetas de 18 hoyos presentadas, estar\u00e1 en condiciones de obtener el H\u00e1ndicap Nacional. A partir de ese momento, su actividad estar\u00e1 regulada con el reglamento de uso de cancha de los jugadores matriculados.<\/p>\n<p style=\"text-align: center;\"><span style=\"color: #003300;\"><strong><u>9. VISITANTES, INVITADOS Y JUGADORES CON RECIPROCIDAD<\/u><\/strong><\/span><\/p>\n<p><em>Considerando la necesidad de evitar que se produzcan situaciones de inequidad respecto de los socios plenos, de reglamentar el uso de la cancha para jugadores que no son socios del club y de atender la situaci\u00f3n de jugadores matriculados socios de clubes con reciprocidad y pedidos especiales, la Comisi\u00f3n Directiva, resuelve:<\/em><\/p>\n<p><em>Primero: Con excepci\u00f3n de los socios de clubes con los cuales se ha acordado reciprocidad,\u00a0los jugadores que no son socios de El Paso, solo podr\u00e1n hacer uso de la cancha de golf <\/em><strong><u>una vez por mes<\/u>, <\/strong><em>comprendiendo esa cantidad cualquier tipo de torneos, y\/o uso de la cancha en d\u00edas de semana y\/o en los que no se jueguen torneos abonando la tarifa que fije la Comisi\u00f3n Directiva y que no ser\u00e1 inferior al 25 % de\u00a0una cuota mensual de socio pleno. <\/em><\/p>\n<p><em>Segundo: Los socios plenos que, por razones especiales y fundadas,\u00a0tengan inter\u00e9s\u00a0en invitar por mayor cantidad de d\u00edas a un jugador que sea socio de un club que no sea local, podr\u00e1n solicitar a la Comisi\u00f3n Directiva la autorizaci\u00f3n pertinente y la fijaci\u00f3n de una tarifa especial que, en ning\u00fan caso ser\u00e1 inferior a la que corresponda abonar a un socio pleno por d\u00eda.<\/em><\/p>\n<p><em>Tercero: En todos los casos, los socios plenos tendr\u00e1n prioridad respecto de la disponibilidad de horarios de salidas.<\/em> <em><strong><u>Excepci\u00f3n a la reciprocidad con otros clubes<\/u><\/strong><\/em><em>: En caso de socios que no hayan revestido con car\u00e1cter de\u00a0 \u201cPlenos\u201d (temporarios, no residentes, etc.) y que al momento de finalizar el per\u00edodo correspondiente, hayan optado por no continuar como\u00a0 socios adherentes mediante el pago de la correspondiente membres\u00eda, y se asociaren a clubes que tengan convenio de reciprocidad con el Club de Campo El Paso, tal reciprocidad no ser\u00e1 aplicable a los mismos en virtud de tal circunstancia, quedando encuadrados en la reglamentaci\u00f3n\u00a0 para aquellos golfistas que sean socios de clubes sin reciprocidad.<\/em><\/p>\n<p style=\"text-align: center;\"><span style=\"color: #003300;\"><strong><u>10. USO DE CARROS ELECTRICOS<\/u><\/strong><\/span><\/p>\n<p>El transito con dichos veh\u00edculos se limitar\u00e1 <strong>exclusivamente<\/strong> a la zona de fairways, preferentemente circulando sobre el rough. Est\u00e1 prohibido circular y\/o ingresar en zona de antegreens, collares de greens y tees de salida y\u00a0 zonas anegadas y\/o cualquier otro sector que pueda verse afectado por su uso.<\/p>\n<p>No est\u00e1 permitido su uso en torneos con excepci\u00f3n de aquellos casos en los que por razones de salud, impedimento f\u00edsico o avanzada edad, sea autorizado expresamente por el comit\u00e9 del torneo o el capit\u00e1n.<\/p>\n<p>Est\u00e1 prohibido su uso durante o con posterioridad a los d\u00edas de lluvia, resultando facultad discrecional del Capit\u00e1n, Superintendente o Comisi\u00f3n Directiva decidir cu\u00e1ndo se restablecen las condiciones de la cancha que admitan su utilizaci\u00f3n.<\/p>\n<p>Las vueltas de juego deber\u00e1n iniciarse previa autorizaci\u00f3n del starter &#8211; si correspondiera &#8211; y desde los hoyos 1 o 10. Los jugadores consorcistas que deseen ingresar a la cancha por el sector donde viven solicitar\u00e1n la autorizaci\u00f3n a Secretar\u00eda o Encargado de Casilla de Palos quien\u00a0 acordar\u00e1 siempre y cuando el movimiento de jugadores lo permita.<\/p>\n<p>[\/vc_column_text][\/vc_column][vc_column width=\u00bb1\/3&#8243;][vc_empty_space][vc_single_image image=\u00bb1515&#8243; img_size=\u00bbfull\u00bb alignment=\u00bbcenter\u00bb onclick=\u00bbcustom_link\u00bb link=\u00bbhttp:\/\/clubdecampoelpaso.com.ar\/club\/proximo-torneo\/\u00bb][vc_single_image image=\u00bb1516&#8243; img_size=\u00bbfull\u00bb alignment=\u00bbcenter\u00bb onclick=\u00bbcustom_link\u00bb link=\u00bbhttp:\/\/clubdecampoelpaso.com.ar\/club\/resultados-de-torneos\/\u00bb][vc_single_image image=\u00bb2822&#8243; img_size=\u00bbfull\u00bb alignment=\u00bbcenter\u00bb onclick=\u00bbcustom_link\u00bb link=\u00bbhttp:\/\/clubdecampoelpaso.com.ar\/club\/tenis-2\/\u00bb][vc_single_image image=\u00bb2821&#8243; img_size=\u00bbfull\u00bb alignment=\u00bbcenter\u00bb onclick=\u00bbcustom_link\u00bb link=\u00bbhttp:\/\/clubdecampoelpaso.com.ar\/club\/futbol_alquiler\/\u00bb][vc_single_image image=\u00bb1517&#8243; img_size=\u00bbfull\u00bb alignment=\u00bbcenter\u00bb onclick=\u00bbcustom_link\u00bb img_link_target=\u00bb_blank\u00bb link=\u00bbhttps:\/\/www.aag.org.ar\/\u00bb][vc_single_image image=\u00bb1562&#8243; img_size=\u00bbfull\u00bb alignment=\u00bbcenter\u00bb onclick=\u00bbcustom_link\u00bb img_link_target=\u00bb_blank\u00bb link=\u00bbhttp:\/\/www.smartgolf.com.ar\/\u00bb][vc_single_image image=\u00bb1519&#8243; img_size=\u00bbfull\u00bb alignment=\u00bbcenter\u00bb onclick=\u00bbcustom_link\u00bb img_link_target=\u00bb_blank\u00bb link=\u00bbhttp:\/\/fedegolf.org.ar\/pagina_principal\/index.php\u00bb][vc_single_image image=\u00bb1508&#8243; img_size=\u00bbfull\u00bb alignment=\u00bbcenter\u00bb onclick=\u00bbcustom_link\u00bb img_link_target=\u00bb_blank\u00bb link=\u00bbhttp:\/\/elpaso.bmsolucionessrl.net.ar:82&#8243;][\/vc_column][\/vc_row]<\/p>\n","protected":false},"excerpt":{"rendered":"<p>[vc_row][vc_column][rev_slider_vc alias=\u00bbslider22&#8243;][\/vc_column][\/vc_row][vc_row][vc_column width=\u00bb2\/3&#8243;][vc_column_text] CLUB DE CAMPO EL PASO REGLAMENTO DE GOLF AUTORIDADES EN EL AREA GOLF ETIQUETA NORMAS PARA EL USO DE LA CANCHA FUNCIONES DEL STARTER PRACTICA HORA DE SALIDA REGLAS LOCALES PRINCIPIANTES VISITANTES, INVITADOS Y JUGADORES CON RECIPROCIDAD USO DE CARROS EL\u00c9CTRICOS 1. AUTORIDADES EN EL AREA GOLF El Capit\u00e1n de golf es <\/p>\n","protected":false},"author":2,"featured_media":0,"parent":0,"menu_order":0,"comment_status":"closed","ping_status":"closed","template":"","meta":[],"_links":{"self":[{"href":"https:\/\/clubdecampoelpaso.com.ar\/club\/wp-json\/wp\/v2\/pages\/864"}],"collection":[{"href":"https:\/\/clubdecampoelpaso.com.ar\/club\/wp-json\/wp\/v2\/pages"}],"about":[{"href":"https:\/\/clubdecampoelpaso.com.ar\/club\/wp-json\/wp\/v2\/types\/page"}],"author":[{"embeddable":true,"href":"https:\/\/clubdecampoelpaso.com.ar\/club\/wp-json\/wp\/v2\/users\/2"}],"replies":[{"embeddable":true,"href":"https:\/\/clubdecampoelpaso.com.ar\/club\/wp-json\/wp\/v2\/comments?post=864"}],"version-history":[{"count":17,"href":"https:\/\/clubdecampoelpaso.com.ar\/club\/wp-json\/wp\/v2\/pages\/864\/revisions"}],"predecessor-version":[{"id":10184,"href":"https:\/\/clubdecampoelpaso.com.ar\/club\/wp-json\/wp\/v2\/pages\/864\/revisions\/10184"}],"wp:attachment":[{"href":"https:\/\/clubdecampoelpaso.com.ar\/club\/wp-json\/wp\/v2\/media?parent=864"}],"curies":[{"name":"wp","href":"https:\/\/api.w.org\/{rel}","templated":true}]}}