{"id":825,"date":"2017-02-02T13:08:46","date_gmt":"2017-02-02T13:08:46","guid":{"rendered":"http:\/\/clubdecampoelpaso.com.ar\/club\/?page_id=825"},"modified":"2024-06-13T20:23:01","modified_gmt":"2024-06-13T20:23:01","slug":"clubesconreciprocidad","status":"publish","type":"page","link":"https:\/\/clubdecampoelpaso.com.ar\/club\/clubesconreciprocidad\/","title":{"rendered":"Clubes con Reciprocidad"},"content":{"rendered":"<p>[vc_row][vc_column][rev_slider_vc alias=\u00bbslider5&#8243;][\/vc_column][\/vc_row][vc_row][vc_column width=\u00bb2\/3&#8243;][vc_column_text]<\/p>\r\n<h2><span style=\"color: #ff6600;\"><strong>CLUBES CON RECIPROCIDAD<\/strong><\/span><\/h2>\r\n<p>\u00a0 [\/vc_column_text][\/vc_column][vc_column width=\u00bb1\/3&#8243;][\/vc_column][\/vc_row][vc_row][vc_column width=\u00bb1\/4&#8243;][vc_empty_space height=\u00bb25px\u00bb][vc_single_image image=\u00bb10171&#8243; img_size=\u00bbmedium\u00bb alignment=\u00bbcenter\u00bb][\/vc_column][vc_column width=\u00bb1\/2&#8243;][vc_column_text]<strong>Jockey club de C\u00f3rdoba<\/strong> Direcci\u00f3n: Av. Ciudad de Valpara\u00edso N\u00ba 3589, Barrio Jard\u00edn de la Ciudad de C\u00f3rdoba. Tel\u00e9fono: 0351 570-8705 Email: <a href=\"mailto:secretariagolf@jockeyclubcordoba.com.ar\">secretariagolf@jockeyclubcordoba.com.ar<\/a>[\/vc_column_text][\/vc_column][vc_column width=\u00bb1\/4&#8243;][\/vc_column][\/vc_row][vc_row][vc_column][vc_separator][\/vc_column][\/vc_row][vc_row][vc_column width=\u00bb1\/4&#8243;][vc_single_image image=\u00bb10173&#8243; img_size=\u00bbmedium\u00bb alignment=\u00bbcenter\u00bb][\/vc_column][vc_column width=\u00bb1\/2&#8243;][vc_column_text]<strong>Jockey Club Rafaela<\/strong> Direcci\u00f3n: Bv. Sta Fe 302, S2300GIC Rafaela, Santa Fe Tel\u00e9fono: 03492 42-2255 Email: <a href=\"mailto:jockeyclubrafaela@hotmail.com.ar\">jockeyclubrafaela@hotmail.com.ar<\/a>[\/vc_column_text][\/vc_column][vc_column width=\u00bb1\/4&#8243;][\/vc_column][\/vc_row][vc_row][vc_column][vc_separator][\/vc_column][\/vc_row][vc_row][vc_column width=\u00bb1\/4&#8243;][vc_single_image image=\u00bb10174&#8243; img_size=\u00bbmedium\u00bb alignment=\u00bbcenter\u00bb][\/vc_column][vc_column width=\u00bb1\/2&#8243;][vc_column_text]<strong>Club S. y D. Bartolom\u00e9 Mitre<\/strong> Direcci\u00f3n: Italia, Av. Jos\u00e9 de San Mart\u00edn &amp;, S2121 P\u00e9rez, Santa Fe Tel\u00e9fono: 0341 495-1108 Email: <a href=\"mailto:secretariamitre@hotmail.com.ar\">secretariamitre@hotmail.com.ar<\/a>[\/vc_column_text][\/vc_column][vc_column width=\u00bb1\/4&#8243;][\/vc_column][\/vc_row][vc_row][vc_column][vc_separator][\/vc_column][\/vc_row][vc_row][vc_column width=\u00bb1\/4&#8243;][vc_single_image image=\u00bb10177&#8243; img_size=\u00bbmedium\u00bb alignment=\u00bbcenter\u00bb][\/vc_column][vc_column width=\u00bb1\/2&#8243;][vc_column_text]<strong>La Cumbre Golf Club<\/strong> Direcci\u00f3n: Belgrano 1095, La Cumbre, C\u00f3rdoba Tel\u00e9fono: 03548 45-1170 Email: <a href=\"mailto:gerencia@lacumbregolf.com.ar\">gerencia@lacumbregolf.com.ar<\/a>[\/vc_column_text][\/vc_column][vc_column width=\u00bb1\/4&#8243;][\/vc_column][\/vc_row][vc_row][vc_column][vc_separator][\/vc_column][\/vc_row][vc_row][vc_column width=\u00bb1\/4&#8243;][vc_single_image image=\u00bb10178&#8243; img_size=\u00bbmedium\u00bb alignment=\u00bbcenter\u00bb][\/vc_column][vc_column width=\u00bb1\/2&#8243;][vc_column_text]<strong>Rosario Golf Club<\/strong> Direcci\u00f3n: Morrison 9900, S2132XAC Fisherton, Rosario, Santa Fe. Tel\u00e9fono: 0341 451-6619 Email: <a href=\"mailto:info@rosariogolfclub.com\">info@rosariogolfclub.com<\/a>[\/vc_column_text][\/vc_column][vc_column width=\u00bb1\/4&#8243;][\/vc_column][\/vc_row][vc_row][vc_column][vc_separator][\/vc_column][\/vc_row][vc_row][vc_column width=\u00bb1\/4&#8243;][vc_single_image image=\u00bb10179&#8243; img_size=\u00bbmedium\u00bb alignment=\u00bbcenter\u00bb][\/vc_column][vc_column width=\u00bb1\/2&#8243;][vc_column_text]<strong>Club Atl\u00e9tico Estudiantes <\/strong> Direcci\u00f3n: Ayacucho, E3100 Paran\u00e1, Entre R\u00edos Tel\u00e9fono: 0343 433-1341 Email: golfcaeparana@gmail.com[\/vc_column_text][\/vc_column][vc_column width=\u00bb1\/4&#8243;][\/vc_column][\/vc_row][vc_row][vc_column][vc_column_text]<\/p>\r\n\r\n<figure class=\"wp-block-image size-full\"><a href=\"https:\/\/clubdecampoelpaso.com.ar\/club\/wp-content\/uploads\/2022\/04\/RECPRO.png\"><img decoding=\"async\" loading=\"lazy\" width=\"808\" height=\"250\" class=\"wp-image-12039\" src=\"https:\/\/clubdecampoelpaso.com.ar\/club\/wp-content\/uploads\/2022\/04\/RECPRO.png\" alt=\"\" srcset=\"https:\/\/clubdecampoelpaso.com.ar\/club\/wp-content\/uploads\/2022\/04\/RECPRO.png 808w, https:\/\/clubdecampoelpaso.com.ar\/club\/wp-content\/uploads\/2022\/04\/RECPRO-300x93.png 300w, https:\/\/clubdecampoelpaso.com.ar\/club\/wp-content\/uploads\/2022\/04\/RECPRO-768x238.png 768w, https:\/\/clubdecampoelpaso.com.ar\/club\/wp-content\/uploads\/2022\/04\/RECPRO-696x215.png 696w\" sizes=\"(max-width: 808px) 100vw, 808px\" \/><\/a><\/figure>\r\n\r\n<p>[\/vc_column_text][\/vc_column][\/vc_row]<\/p>\r\n<p>[vc_row][vc_column][vc_column_text]<\/p>\r\n<p><\/p>\r\n<p><img decoding=\"async\" loading=\"lazy\" class=\"alignleft size-full wp-image-14689\" src=\"http:\/\/clubdecampoelpaso.com.ar\/club\/wp-content\/uploads\/2024\/06\/LA-RINCONADA.png\" alt=\"\" width=\"723\" height=\"278\" srcset=\"https:\/\/clubdecampoelpaso.com.ar\/club\/wp-content\/uploads\/2024\/06\/LA-RINCONADA.png 723w, https:\/\/clubdecampoelpaso.com.ar\/club\/wp-content\/uploads\/2024\/06\/LA-RINCONADA-300x115.png 300w, https:\/\/clubdecampoelpaso.com.ar\/club\/wp-content\/uploads\/2024\/06\/LA-RINCONADA-696x268.png 696w\" sizes=\"(max-width: 723px) 100vw, 723px\" \/><\/p>\r\n<figure class=\"wp-block-image size-full\"><\/figure>\r\n<p><\/p>\r\n<p>[\/vc_column_text][\/vc_column][\/vc_row]<\/p>","protected":false},"excerpt":{"rendered":"<p>[vc_row][vc_column][rev_slider_vc alias=\u00bbslider5&#8243;][\/vc_column][\/vc_row][vc_row][vc_column width=\u00bb2\/3&#8243;][vc_column_text] CLUBES CON RECIPROCIDAD \u00a0 [\/vc_column_text][\/vc_column][vc_column width=\u00bb1\/3&#8243;][\/vc_column][\/vc_row][vc_row][vc_column width=\u00bb1\/4&#8243;][vc_empty_space height=\u00bb25px\u00bb][vc_single_image image=\u00bb10171&#8243; img_size=\u00bbmedium\u00bb alignment=\u00bbcenter\u00bb][\/vc_column][vc_column width=\u00bb1\/2&#8243;][vc_column_text]Jockey club de C\u00f3rdoba Direcci\u00f3n: Av. Ciudad de Valpara\u00edso N\u00ba 3589, Barrio Jard\u00edn de la Ciudad de C\u00f3rdoba. Tel\u00e9fono: 0351 570-8705 Email: secretariagolf@jockeyclubcordoba.com.ar[\/vc_column_text][\/vc_column][vc_column width=\u00bb1\/4&#8243;][\/vc_column][\/vc_row][vc_row][vc_column][vc_separator][\/vc_column][\/vc_row][vc_row][vc_column width=\u00bb1\/4&#8243;][vc_single_image image=\u00bb10173&#8243; img_size=\u00bbmedium\u00bb alignment=\u00bbcenter\u00bb][\/vc_column][vc_column width=\u00bb1\/2&#8243;][vc_column_text]Jockey Club Rafaela Direcci\u00f3n: Bv. Sta Fe 302, S2300GIC Rafaela, Santa Fe Tel\u00e9fono: <\/p>\n","protected":false},"author":2,"featured_media":0,"parent":0,"menu_order":0,"comment_status":"closed","ping_status":"closed","template":"","meta":[],"_links":{"self":[{"href":"https:\/\/clubdecampoelpaso.com.ar\/club\/wp-json\/wp\/v2\/pages\/825"}],"collection":[{"href":"https:\/\/clubdecampoelpaso.com.ar\/club\/wp-json\/wp\/v2\/pages"}],"about":[{"href":"https:\/\/clubdecampoelpaso.com.ar\/club\/wp-json\/wp\/v2\/types\/page"}],"author":[{"embeddable":true,"href":"https:\/\/clubdecampoelpaso.com.ar\/club\/wp-json\/wp\/v2\/users\/2"}],"replies":[{"embeddable":true,"href":"https:\/\/clubdecampoelpaso.com.ar\/club\/wp-json\/wp\/v2\/comments?post=825"}],"version-history":[{"count":19,"href":"https:\/\/clubdecampoelpaso.com.ar\/club\/wp-json\/wp\/v2\/pages\/825\/revisions"}],"predecessor-version":[{"id":14690,"href":"https:\/\/clubdecampoelpaso.com.ar\/club\/wp-json\/wp\/v2\/pages\/825\/revisions\/14690"}],"wp:attachment":[{"href":"https:\/\/clubdecampoelpaso.com.ar\/club\/wp-json\/wp\/v2\/media?parent=825"}],"curies":[{"name":"wp","href":"https:\/\/api.w.org\/{rel}","templated":true}]}}