{"id":809,"date":"2017-02-02T13:06:56","date_gmt":"2017-02-02T13:06:56","guid":{"rendered":"http:\/\/clubdecampoelpaso.com.ar\/club\/?page_id=809"},"modified":"2020-05-26T18:37:04","modified_gmt":"2020-05-26T18:37:04","slug":"programa-de-iniciacion","status":"publish","type":"page","link":"https:\/\/clubdecampoelpaso.com.ar\/club\/programa-de-iniciacion\/","title":{"rendered":"Programa de Iniciaci\u00f3n"},"content":{"rendered":"<p>[vc_row][vc_column][rev_slider_vc alias=\u00bbslider17&#8243;][\/vc_column][\/vc_row][vc_row][vc_column width=\u00bb2\/3&#8243;][vc_column_text]<\/p>\n<h2><span style=\"color: #ff6600;\"><strong>\u00a0Reglamento de uso de Instalaciones para Principiantes e Iniciados<\/strong><\/span><\/h2>\n<p>[\/vc_column_text][vc_tta_accordion][vc_tta_section title=\u00bb1 &#8211; Comienzo del programa de Iniciaci\u00f3n\u00bb tab_id=\u00bb1489766065309-7c0a280f-d41d\u00bb][vc_column_text]Como primer paso el alumno deber\u00e1 registrase en Secretar\u00eda Deportiva. Luego podr\u00e1 acceder al programa de iniciaci\u00f3n, el mismo consta de 12 clases semanales (3 meses) en las cuales el alumno aprender\u00e1 t\u00e9cnica del swing de Golf, conceptos del juego, reglamento b\u00e1sico, normas de etiqueta y comportamiento en la cancha. Durante este tiempo, Club de Campo El Paso autoriza al alumno a la utilizaci\u00f3n de la zona de pr\u00e1ctica y\/o cancha bajo la supervisi\u00f3n de los Profesores a cargo del proceso de iniciaci\u00f3n sin costo alguno.<strong>\u00a0<em>Durante este proceso es obligatorio aprobar el nivel 1 de reglas.<\/em><\/strong>[\/vc_column_text][\/vc_tta_section][vc_tta_section title=\u00bb2 &#8211; El alumno que desee continuar con la pr\u00e1ctica del Deporte deber\u00e1&#8230;\u00bb tab_id=\u00bb1489766065405-d971aef9-88a3&#8243;][vc_column_text]<strong><em>Terminado este proceso, el alumno que desee continuar con la pr\u00e1ctica del Deporte deber\u00e1 asociarse al Club seg\u00fan la categor\u00eda correspondiente. En el caso de ser propietario de lote en el Complejo, accede a la categor\u00eda Socio Pleno. En el caso de no ser propietario de lote, puede acceder a las categor\u00edas Temporario o Adherente <\/em><\/strong><em>(Descripciones y precios en el siguiente link:<\/em> <span style=\"color: #33cccc; background-color: #ffff00;\"><em><a href=\"http:\/\/clubdecampoelpaso.com.ar\/club\/juegue-en-el-paso\/\">http:\/\/clubdecampoelpaso.com.ar\/club\/juegue-en-el-paso\/<\/a><\/em><\/span><em>).<\/em> Este paso lo autoriza a continuar practicando bajo supervisi\u00f3n de los Profesores y comenzar, de tener la aprobaci\u00f3n en juego y reglas correspondiente, a las salidas a la cancha con otros jugadores matriculados. Las condiciones para el uso de las instalaciones en esta etapa son:<\/p>\n<ol>\n<li>Estar asociado en la categor\u00eda correspondiente.<\/li>\n<li><strong><em>Tener el nivel 2 de Reglas aprobado.<\/em><\/strong><\/li>\n<li>Abonar el derecho de cancha diario o contratar el abono de Green Fee Premium. Ver descripciones y precios en el siguiente link:\u00a0<span style=\"color: #33cccc; background-color: #ffff00;\"><a href=\"http:\/\/clubdecampoelpaso.com.ar\/club\/green-fee\/\">http:\/\/clubdecampoelpaso.com.ar\/club\/green-fee\/<\/a><\/span><\/li>\n<li>Pedir autorizaci\u00f3n en la Secretar\u00eda Deportiva <strong><em><u>siempre previo a la salida a la cancha, <\/u><\/em><\/strong>informando qu\u00e9 jugador lo acompa\u00f1ar\u00e1. Las salidas ser\u00e1n autorizadas seg\u00fan disponibilidad de cancha.<\/li>\n<li>Durante cualquier d\u00eda de la semana o fines de semana, la prioridad de uso ser\u00e1 para los jugadores matriculados.<\/li>\n<li>Ser\u00e1 obligatorio entregar la tarjeta de score luego de cada salida a la cancha realizada, sin importar la cantidad de hoyos jugados o golpes realizados.<\/li>\n<li><strong>Las clases en cancha con los Profesores, para todos aquellos que tengan el abono de Green Fee Premium, no tendr\u00e1n costo de uso de cancha. En caso de no tener contratado este abono, se deber\u00e1 abonar el derecho de uso de cancha (Green fee diario) como una salida normal a la cancha. En cualquiera de ambos casos el alumno deber\u00e1 informar en Secretar\u00eda Deportiva quine autorizar\u00e1 la salida a la cancha seg\u00fan disponibilidad de horarios.<\/strong><\/li>\n<\/ol>\n<p>[\/vc_column_text][\/vc_tta_section][vc_tta_section title=\u00bb3 &#8211; Handicap Nacional\u00bb tab_id=\u00bb1489766205879-6742dfe4-93c9&#8243;][vc_column_text]<strong>A partir del momento en que el jugador obtenga un promedio de 120 golpes en 5 tarjetas de 18 hoyos presentadas, estar\u00e1 en condiciones de obtener el H\u00e1ndicap Nacional. A partir de ese momento, su actividad estar\u00e1 regulada con el reglamento de uso de cancha de los jugadores matriculados.<\/strong>[\/vc_column_text][\/vc_tta_section][\/vc_tta_accordion][\/vc_column][vc_column width=\u00bb1\/3&#8243;][\/vc_column][\/vc_row]<\/p>\n","protected":false},"excerpt":{"rendered":"<p>[vc_row][vc_column][rev_slider_vc alias=\u00bbslider17&#8243;][\/vc_column][\/vc_row][vc_row][vc_column width=\u00bb2\/3&#8243;][vc_column_text] \u00a0Reglamento de uso de Instalaciones para Principiantes e Iniciados [\/vc_column_text][vc_tta_accordion][vc_tta_section title=\u00bb1 &#8211; Comienzo del programa de Iniciaci\u00f3n\u00bb tab_id=\u00bb1489766065309-7c0a280f-d41d\u00bb][vc_column_text]Como primer paso el alumno deber\u00e1 registrase en Secretar\u00eda Deportiva. Luego podr\u00e1 acceder al programa de iniciaci\u00f3n, el mismo consta de 12 clases semanales (3 meses) en las cuales el alumno aprender\u00e1 t\u00e9cnica del swing <\/p>\n","protected":false},"author":2,"featured_media":0,"parent":0,"menu_order":0,"comment_status":"closed","ping_status":"closed","template":"","meta":[],"_links":{"self":[{"href":"https:\/\/clubdecampoelpaso.com.ar\/club\/wp-json\/wp\/v2\/pages\/809"}],"collection":[{"href":"https:\/\/clubdecampoelpaso.com.ar\/club\/wp-json\/wp\/v2\/pages"}],"about":[{"href":"https:\/\/clubdecampoelpaso.com.ar\/club\/wp-json\/wp\/v2\/types\/page"}],"author":[{"embeddable":true,"href":"https:\/\/clubdecampoelpaso.com.ar\/club\/wp-json\/wp\/v2\/users\/2"}],"replies":[{"embeddable":true,"href":"https:\/\/clubdecampoelpaso.com.ar\/club\/wp-json\/wp\/v2\/comments?post=809"}],"version-history":[{"count":38,"href":"https:\/\/clubdecampoelpaso.com.ar\/club\/wp-json\/wp\/v2\/pages\/809\/revisions"}],"predecessor-version":[{"id":10261,"href":"https:\/\/clubdecampoelpaso.com.ar\/club\/wp-json\/wp\/v2\/pages\/809\/revisions\/10261"}],"wp:attachment":[{"href":"https:\/\/clubdecampoelpaso.com.ar\/club\/wp-json\/wp\/v2\/media?parent=809"}],"curies":[{"name":"wp","href":"https:\/\/api.w.org\/{rel}","templated":true}]}}