{"id":783,"date":"2017-02-02T12:58:53","date_gmt":"2017-02-02T12:58:53","guid":{"rendered":"http:\/\/clubdecampoelpaso.com.ar\/club\/?page_id=783"},"modified":"2024-05-25T14:30:02","modified_gmt":"2024-05-25T14:30:02","slug":"comision-directiva","status":"publish","type":"page","link":"https:\/\/clubdecampoelpaso.com.ar\/club\/comision-directiva\/","title":{"rendered":"Comisi\u00f3n Directiva"},"content":{"rendered":"<p>[vc_row][vc_column][vc_column_text]<\/p>\n<h2><span style=\"color: #ff6600;\"><strong>COMISI\u00d3N DIRECTIVA<\/strong><\/span><\/h2>\n<p><strong><u>Presidente<\/u><\/strong><\/p>\n<p>Gustavo Koch<\/p>\n<p><strong><u>Vicepresidente<\/u><\/strong>:<\/p>\n<p>Ricardo Gagliardi<\/p>\n<p><strong><u>Secretario<\/u><\/strong>:<\/p>\n<p>Mario Vigo Lamas<\/p>\n<p><strong><u>Pro Secretario:<\/u><\/strong><\/p>\n<p>Pablo Giusiano<\/p>\n<p><strong><u>Tesorero<\/u><\/strong>:<\/p>\n<p>Ricardo Alfredo Aguirre<\/p>\n<p><strong><u>ProTesorero<\/u><\/strong>:<\/p>\n<p>Fenando Amut<\/p>\n<p><strong><u>Vocales Titulares<\/u><\/strong>:<\/p>\n<p>1- Augusto Borlle<\/p>\n<p>2- Juan Luis Correa<\/p>\n<p>3- Andr\u00e9s Faisal<\/p>\n<p>4- Mar\u00eda Gabriela Guti\u00e9rrez<\/p>\n<p>5- Jos\u00e9 Tabisi<\/p>\n<p><strong><u>Vocales Suplentes<\/u><\/strong>:<\/p>\n<p>1- Roberto Giusiano<\/p>\n<p>2- Patricio Buzzi<\/p>\n<p>3- Hern\u00e1n Redondo<\/p>\n<p>4- Andr\u00e9s Picech<\/p>\n<p><strong><u>S\u00edndicos Titulares<\/u><\/strong>:<\/p>\n<p>1- Luis Felipe Agramunt<\/p>\n<p>2- Guillermo Carbajo<\/p>\n<p><strong><u>S\u00edndicos Suplentes<\/u><\/strong>:<\/p>\n<p>1- Ricardo Mansilla<\/p>\n<p>2- Omar Giorgi<\/p>\n<p><strong><u>Capit\u00e1n<\/u><\/strong>:<\/p>\n<p>Jos\u00e9 Tabisi<\/p>\n<p><strong><u>Capit\u00e1n Damas<\/u><\/strong>:<\/p>\n<p>Isabel Aramburu[\/vc_column_text][\/vc_column][\/vc_row]<\/p>\n","protected":false},"excerpt":{"rendered":"<p>[vc_row][vc_column][vc_column_text] COMISI\u00d3N DIRECTIVA Presidente Gustavo Koch Vicepresidente: Ricardo Gagliardi Secretario: Mario Vigo Lamas Pro Secretario: Pablo Giusiano Tesorero: Ricardo Alfredo Aguirre ProTesorero: Fenando Amut Vocales Titulares: 1- Augusto Borlle 2- Juan Luis Correa 3- Andr\u00e9s Faisal 4- Mar\u00eda Gabriela Guti\u00e9rrez 5- Jos\u00e9 Tabisi Vocales Suplentes: 1- Roberto Giusiano 2- Patricio Buzzi 3- Hern\u00e1n Redondo 4- <\/p>\n","protected":false},"author":2,"featured_media":0,"parent":0,"menu_order":0,"comment_status":"closed","ping_status":"closed","template":"","meta":[],"_links":{"self":[{"href":"https:\/\/clubdecampoelpaso.com.ar\/club\/wp-json\/wp\/v2\/pages\/783"}],"collection":[{"href":"https:\/\/clubdecampoelpaso.com.ar\/club\/wp-json\/wp\/v2\/pages"}],"about":[{"href":"https:\/\/clubdecampoelpaso.com.ar\/club\/wp-json\/wp\/v2\/types\/page"}],"author":[{"embeddable":true,"href":"https:\/\/clubdecampoelpaso.com.ar\/club\/wp-json\/wp\/v2\/users\/2"}],"replies":[{"embeddable":true,"href":"https:\/\/clubdecampoelpaso.com.ar\/club\/wp-json\/wp\/v2\/comments?post=783"}],"version-history":[{"count":31,"href":"https:\/\/clubdecampoelpaso.com.ar\/club\/wp-json\/wp\/v2\/pages\/783\/revisions"}],"predecessor-version":[{"id":14640,"href":"https:\/\/clubdecampoelpaso.com.ar\/club\/wp-json\/wp\/v2\/pages\/783\/revisions\/14640"}],"wp:attachment":[{"href":"https:\/\/clubdecampoelpaso.com.ar\/club\/wp-json\/wp\/v2\/media?parent=783"}],"curies":[{"name":"wp","href":"https:\/\/api.w.org\/{rel}","templated":true}]}}