{"id":777,"date":"2017-02-02T12:58:12","date_gmt":"2017-02-02T12:58:12","guid":{"rendered":"http:\/\/clubdecampoelpaso.com.ar\/club\/?page_id=777"},"modified":"2020-05-26T18:17:48","modified_gmt":"2020-05-26T18:17:48","slug":"historia","status":"publish","type":"page","link":"https:\/\/clubdecampoelpaso.com.ar\/club\/historia\/","title":{"rendered":"Historia"},"content":{"rendered":"<p>[vc_row][vc_column][vc_separator][rev_slider_vc alias=\u00bbslider26&#8243;][\/vc_column][\/vc_row][vc_row][vc_column width=\u00bb2\/3&#8243;][vc_separator color=\u00bbblack\u00bb align=\u00bbalign_left\u00bb el_width=\u00bb10&#8243;][vc_column_text]<\/p>\n<h2><span style=\"color: #ff6600;\"><strong>CLUB DE CAMPO EL <span style=\"color: #ff6600;\">PASO<\/span><\/strong><\/span><\/h2>\n<p class=\"estilo9\">La idea de concretar la construcci\u00f3n de una cancha de golf de 18 hoyos fue de Don \u00c1ngel P. Malvicino, quien logro ejecutarla entre fines de la d\u00e9cada del 70 y principios del 80.<\/p>\n<p>Desde que se inicio en la practica de nuestro deporte Don \u00c1ngel P. Malvicino fue gran entusiasta como jugador y dirigente desempe\u00f1\u00e1ndose como Presidente de la sub-comisi\u00f3n de Golf del Jockey Club de Santa Fe y de la Federaci\u00f3n de Golf del Litoral lo que le permiti\u00f3 visitar canchas de nuestra provincia, Entre R\u00edos, Chaco, Corrientes y no tard\u00f3 en darse cuenta que el Golf era un deporte con enormes posibilidades de crecimiento contando con una cancha de 18 hoyos.<\/p>\n<p>Don \u00c1ngel, un emprendedor por naturaleza entendi\u00f3 la necesidad de contar en nuestra ciudad con una cancha de 18 hoyos y decidi\u00f3 llevar adelante el proyecto. Para conseguir ese objetivo constituy\u00f3 una sociedad de inversores.<\/p>\n<p>Luego de arduas negociaciones se compraron las primeras 128 hect\u00e1reas, convencidos de su conveniencia debido a la excelente ubicaci\u00f3n del predio y la facilidad de acceso gracias a la reciente construcci\u00f3n de la autopista Santa Fe \u2013 Rosario.<\/p>\n<p>[\/vc_column_text][vc_column_text]<\/p>\n<h2><span style=\"color: #ff6600;\"><strong>LA CANCHA<\/strong><\/span><\/h2>\n<p>Se cont\u00f3 con el asesoramiento a la Asociaci\u00f3n Argentina de Golf, y se consult\u00f3 a profesionales de la experiencia e idoneidad de Emilio Serra y Mackinlay . Finalmente se resolvi\u00f3 darle la responsabilidad del dise\u00f1o de la cancha a los golfistas locales Mario Cornejo Soto y Carlos Mar\u00eda G\u00f3mez de gran experiencia en el tema, quienes aceptaron el desaf\u00edo, y en 1980 comenzaron con el trazado y forestaci\u00f3n del campo de golf, para lo cual se adquirieron 20.000 plantas de distintas especies que le dan un marco estrat\u00e9gico y visual al campo.<\/p>\n<p>Teniendo en cuenta que el terreno es completamente plano, se construyeron una serie de lagunas, que no solo le dan a la cancha cierta dificultad y encanto, sino que tambi\u00e9n contribuyen con el f\u00e1cil escurrimiento de la misma en casos de grandes lluvias.<\/p>\n<p>As\u00ed mismo se contrato al Ing. \u00c1ngel Reartes para el dise\u00f1o y construcci\u00f3n de los Greens y el riego por aspersi\u00f3n,para lo cual cont\u00f3 con la colaboraci\u00f3n del Sr Eduardo Soficci.<\/p>\n<p>As\u00ed fue que para el a\u00f1o 1983 estaban terminados los actuales hoyos, 8 al 18, como consecuencia de ello el d\u00eda 15 de Noviembre de ese a\u00f1o se realiza la primer Asamblea en la que se re\u00fanen 50 personas, quienes son en definitiva los Socios Fundadores, d\u00e1ndole vida y nombre a la instituci\u00f3n.-<\/p>\n<p>Jug\u00e1ndose en Diciembre el Torneo Inauguraci\u00f3n con el consiguiente entusiasmo de los golfistas locales y visitantes que participaron del mismo. En el a\u00f1o 1985 se concluy\u00f3 la obra de los 7 hoyos restantes, disput\u00e1ndose en el mes de Octubre el Torneo Inauguraci\u00f3n de los 18 hoyos.<\/p>\n<p>Tres a\u00f1os m\u00e1s tarde, respondiendo a una invitaci\u00f3n personal de Don \u00c1ngel visita el Club y juega la cancha el m\u00e1s grande jugador de la historia del golf argentino, el maestro Roberto De Vicenzo qui\u00e9n es homenajeado nombr\u00e1ndolo \u201cpadrino de la cancha\u201d.<\/p>\n<p>A trav\u00e9s de 35 a\u00f1os de historia, se sigui\u00f3 avanzando en el mejoramiento de la cancha, habiendo concretado en el verano 2019-2020 el cambio de las carpetas de los greens de los hoyos 1 al 9 por pasto TifEagle. En la actualidad, la cancha cuenta con este c\u00e9sped en los 18 greens, los que poseen en su totalidad riego por aspersi\u00f3n, logrando de esta forma una excelente calidad para el juego.<br \/>\nEn las inmediaciones de los hoyos 7 y 14 se cuenta con ba\u00f1os para los jugadores, con un dise\u00f1o acorde al resto de las edificaciones del Club.[\/vc_column_text][\/vc_column][vc_column width=\u00bb1\/3&#8243;][\/vc_column][\/vc_row]<\/p>\n","protected":false},"excerpt":{"rendered":"<p>[vc_row][vc_column][vc_separator][rev_slider_vc alias=\u00bbslider26&#8243;][\/vc_column][\/vc_row][vc_row][vc_column width=\u00bb2\/3&#8243;][vc_separator color=\u00bbblack\u00bb align=\u00bbalign_left\u00bb el_width=\u00bb10&#8243;][vc_column_text] CLUB DE CAMPO EL PASO La idea de concretar la construcci\u00f3n de una cancha de golf de 18 hoyos fue de Don \u00c1ngel P. Malvicino, quien logro ejecutarla entre fines de la d\u00e9cada del 70 y principios del 80. Desde que se inicio en la practica de nuestro deporte <\/p>\n","protected":false},"author":2,"featured_media":0,"parent":0,"menu_order":0,"comment_status":"closed","ping_status":"closed","template":"","meta":[],"_links":{"self":[{"href":"https:\/\/clubdecampoelpaso.com.ar\/club\/wp-json\/wp\/v2\/pages\/777"}],"collection":[{"href":"https:\/\/clubdecampoelpaso.com.ar\/club\/wp-json\/wp\/v2\/pages"}],"about":[{"href":"https:\/\/clubdecampoelpaso.com.ar\/club\/wp-json\/wp\/v2\/types\/page"}],"author":[{"embeddable":true,"href":"https:\/\/clubdecampoelpaso.com.ar\/club\/wp-json\/wp\/v2\/users\/2"}],"replies":[{"embeddable":true,"href":"https:\/\/clubdecampoelpaso.com.ar\/club\/wp-json\/wp\/v2\/comments?post=777"}],"version-history":[{"count":29,"href":"https:\/\/clubdecampoelpaso.com.ar\/club\/wp-json\/wp\/v2\/pages\/777\/revisions"}],"predecessor-version":[{"id":10255,"href":"https:\/\/clubdecampoelpaso.com.ar\/club\/wp-json\/wp\/v2\/pages\/777\/revisions\/10255"}],"wp:attachment":[{"href":"https:\/\/clubdecampoelpaso.com.ar\/club\/wp-json\/wp\/v2\/media?parent=777"}],"curies":[{"name":"wp","href":"https:\/\/api.w.org\/{rel}","templated":true}]}}