{"id":2878,"date":"2017-06-22T13:41:30","date_gmt":"2017-06-22T13:41:30","guid":{"rendered":"http:\/\/clubdecampoelpaso.com.ar\/club\/?page_id=2878"},"modified":"2020-05-22T21:44:56","modified_gmt":"2020-05-22T21:44:56","slug":"futbol-3","status":"publish","type":"page","link":"https:\/\/clubdecampoelpaso.com.ar\/club\/futbol-3\/","title":{"rendered":"Futbol2"},"content":{"rendered":"<p>[vc_row][vc_column][rev_slider_vc alias=\u00bbslider34&#8243;][vc_column_text]<\/p>\n<h2><\/h2>\n<p>[\/vc_column_text][\/vc_column][\/vc_row][vc_row][vc_column width=\u00bb2\/3&#8243;][vc_column_text]<\/p>\n<h4><span style=\"color: #99cc00;\">Para reservas online por primera vez solicite la clave en Secretar\u00eda Deportiva<\/span><\/h4>\n<h2><strong><span style=\"color: #ff6600;\">USO Y MANEJO DE LAS CANCHAS DE\u00a0F\u00daTBOL<\/span><\/strong><\/h2>\n<p><strong>\u00bfPara qu\u00e9?<\/strong><br \/>\nLas canchas de f\u00fatbol son un espacio para utilizar en la pr\u00e1ctica de deportes de campo, como: (f\u00fatbol, hockey, rugby y otros) y tambi\u00e9n para la pr\u00e1ctica recreativa, cualquier otro actividad con elementos que puedan da\u00f1ar su superficie queda prohibida.<\/p>\n<p><strong>\u00bfC\u00f3mo?\u00a0<\/strong><br \/>\nEl uso est\u00e1 autorizado para la pr\u00e1ctica de todos los deportes que se realizan en superficies similares y tambi\u00e9n para actividades recreativas que no impliquen da\u00f1o a las semejantes. Para reservar una cancha por primera vez comun\u00edquese con Secretar\u00eda Deportiva para obtener la clave que le solicitar\u00e1 el sistema.<\/p>\n<p><strong>\u00bfCu\u00e1ndo?<\/strong><br \/>\nLas canchas no pondr\u00e1n utilizarse en d\u00edas de lluvias.<\/p>\n<p><strong>\u00bfPara qui\u00e9nes?<\/strong><br \/>\nLas canchas de f\u00fatbol son para uso de socios y consorcistas, en caso de invitados, dirigirse a Secretaria deportiva para mayor informaci\u00f3n.<\/p>\n<p>No trepar por las redes.<br \/>\nNo correr los arcos del lugar.<br \/>\nNo circular con ning\u00fan veh\u00edculo dentro de las canchas.<br \/>\nNo utilizar en d\u00edas de lluvia<br \/>\nReservas en secretaria deportiva.[\/vc_column_text][\/vc_column][vc_column width=\u00bb1\/3&#8243;][vc_single_image image=\u00bb2821&#8243; img_size=\u00bbfull\u00bb onclick=\u00bbcustom_link\u00bb link=\u00bbhttp:\/\/clubdecampoelpaso.com.ar\/club\/futbol_alquiler\/\u00bb][vc_single_image image=\u00bb2822&#8243; img_size=\u00bbfull\u00bb onclick=\u00bbcustom_link\u00bb link=\u00bbhttp:\/\/clubdecampoelpaso.com.ar\/club\/tenis-2\/\u00bb][\/vc_column][\/vc_row][vc_row][vc_column][vc_column_text]<\/p>\n<h2><strong><span style=\"color: #ff6600;\">CROQUIS CANCHAS DE FUTBOL<\/span><\/strong><\/h2>\n<p>[\/vc_column_text][\/vc_column][\/vc_row][vc_row][vc_column][vc_single_image image=\u00bb2888&#8243; img_size=\u00bbfull\u00bb alignment=\u00bbcenter\u00bb][\/vc_column][\/vc_row][vc_row][vc_column][vc_column_text]<\/p>\n<h2><span style=\"color: #ff6600;\"><strong>REGLAMENTO INTERNO DE\u00a0<\/strong><\/span><span style=\"color: #ff6600;\"><b>F\u00daTBOL<\/b><\/span><\/h2>\n<p>El presente Reglamento tiene la intenci\u00f3n de facilitar la armon\u00eda y la sana convivencia entre los socios del Club de Campo El Paso (en adelante CCEP).<\/p>\n<p>No se trata de imponer restricciones, sino definir los l\u00edmites y responsabilidades que le caben a cada uno de los integrantes de la comunidad deportiva en su relaci\u00f3n con el medio, con la actividad, con los empleados y contratitas, con las autoridades de aplicaci\u00f3n y con el resto de los socios en cuyo beneficio se aplicar\u00e1 el presente Reglamento[\/vc_column_text][vc_tta_accordion active_section=\u00bb1&#8243;][vc_tta_section title=\u00bbAREA DE APLICACI\u00d3N\u00bb tab_id=\u00bb1498145601512-72a4c4ee-6c39&#8243;][vc_column_text]<\/p>\n<p class=\"Prrafodelista1\"><span style=\"font-size: 14.0pt; font-family: 'Cambria','serif';\">Canchas de Futbol ( 1 a 3 ) y Sectores de circulaci\u00f3n.<\/span><\/p>\n<p>[\/vc_column_text][\/vc_tta_section][vc_tta_section title=\u00bbAUTORIDADES DE APLICACI\u00d3N\u00bb tab_id=\u00bb1498145601566-a539a6a0-00ae\u00bb][vc_column_text]Miembros de la Sub-Comisi\u00f3n de F\u00fatbol, Secretario Deportivo, Encargados \u00a0y Capit\u00e1n Deportivo[\/vc_column_text][\/vc_tta_section][vc_tta_section title=\u00bbREQUISITOS B\u00c1SICOS PARA EL USO DE CANCHAS\u00bb tab_id=\u00bb1498145686017-97514373-8f50&#8243;][vc_column_text]Las canchas podr\u00e1n ser utilizadas tanto por consorcistas como por socios y por invitados de socios. La reserva la debe realizar un socio que no se encuentren en mora respecto de la cuota deportiva y de las expensas ni cumpliendo sanciones disciplinarias; haci\u00e9ndose cargo, del arancel en caso de\u00a0\u00a0corresponder y de los da\u00f1os que pudieran ocurrir, cargo que ser\u00e1 debitado en su pr\u00f3xima factura mensual, o abonado en el momento en Secretar\u00eda Deportiva.<\/p>\n<p>No est\u00e1 permitido:<\/p>\n<ul>\n<li>Su uso los d\u00edas de lluvias;<\/li>\n<li>Mover los arcos de lugar<\/li>\n<li>Trepar por las redes<\/li>\n<li>Circular dentro de las canchas con veh\u00edculos<\/li>\n<\/ul>\n<p>[\/vc_column_text][\/vc_tta_section][vc_tta_section title=\u00bbRESERVA DE TURNOS\u00bb tab_id=\u00bb1498145885459-0cb280d2-7a2f\u00bb][vc_column_text]Los turnos podr\u00e1n reservarse con una anticipaci\u00f3n de 48 hrs y hasta dentro del mismo d\u00eda, personalmente, por la p\u00e1gina web o por tel\u00e9fono y ser\u00e1n tomados exclusivamente por el SECRETARIO DEPORTIVO O ENCARGADO \u00a0quien verificar\u00e1 la disponibilidad de turnos, previo a concederlos. En el caso en que el personal no estuviera disponible, la registraci\u00f3n de la reserva se podr\u00e1 realizar \u00fanicamente mediante la p\u00e1gina web. \u00danicamente podr\u00e1n solicitar una reserva los asociados (mayores y menores). Un socio jugador no podr\u00e1 reservar m\u00e1s de un turno por vez. Ser\u00e1n sancionados los socios que hubieran reservado un turno y luego no se presentaran a jugar sin una aviso previo de por lo menos 30 minutos (ver Reserva de Turnos).<\/p>\n<p>Al momento de la reserva de un turno, se deber\u00e1 registrar nombre, apellido, n\u00famero de lote , el horario, y la cancha a reservar.<\/p>\n<p>* Los turnos ser\u00e1n de 60 minutos<\/p>\n<p>* Ning\u00fan socio podr\u00e1 volver a solicitar un turno hasta tanto haya finalizado el turno en el cual se encuentre anotado.<\/p>\n<p>* Los horarios de cada turno ser\u00e1n estrictos, admiti\u00e9ndose una tolerancia m\u00e1xima de 10 minutos. Vencido dicho plazo, se perder\u00e1 el derecho de reserva, por la cual el turno podr\u00e1 ser utilizado por otro socio. En este supuesto, el socio que desee hacer uso de la cancha deber\u00e1 efectuar la reserva correspondiente al SECRETARIO DEPORTIVO O ENCARGADO \u00a0una vez que haya vencido el tiempo de tolerancia.<\/p>\n<p>* En cada turno deber\u00e1 estar participando el socio que efectu\u00f3 la reserva. En caso contrario se considerar\u00e1 anulado el turno pedido.<\/p>\n<p>* La SUB-COMISI\u00d3N DE FUTBOL podr\u00e1 asignar turnos permanentes pre-fijados para la utilizaci\u00f3n de las canchas por la Escuela de Futbol de menores.<\/p>\n<p>* Es obligatorio comunicar al SECRETARIO DEPORTIVO la cancelaci\u00f3n de un turno, por lo menos 30 minutos\u00a0 antes de su iniciaci\u00f3n, para facilitar la inscripci\u00f3n de otros jugadores y evitar la aplicaci\u00f3n de la sanci\u00f3n correspondiente.<\/p>\n<p>*En caso de no tener reserva realizada y el socio est\u00e9 haciendo uso de una cancha, tendr\u00e1 que darle lugar a quien si la reserv\u00f3 si se presentare el caso.[\/vc_column_text][\/vc_tta_section][vc_tta_section title=\u00bbHORARIOS DE ATENCI\u00d3N\u00bb tab_id=\u00bb1498145986300-c5b15b85-a0b8&#8243;][vc_column_text]En Secretar\u00eda Deportiva \u00a0de Lunes a S\u00e1bados de 12 a 20 Hs en Secretar\u00eda Deportiva o podr\u00e1n hacerlo personalmente por la pagina web <a href=\"http:\/\/www.clubdecampoelpaso.com.ar\/club\">www.clubdecampoelpaso.com.ar\/club<\/a><\/p>\n<p>Los d\u00edas 24, 25 y 31 de diciembre y el 1 de enero el horario de apertura y cierre del club ser\u00e1 dispuesto oportunamente por la Comisi\u00f3n Directiva. Como as\u00ed tambi\u00e9n en otras fechas en las que se desarrollen eventos especiales.<\/p>\n<p>.[\/vc_column_text][\/vc_tta_section][vc_tta_section title=\u00bbORGANIZACI\u00d3N DEL FUTBOL\u00bb tab_id=\u00bb1498146021258-79cf8cf1-2abd\u00bb][vc_column_text]La organizaci\u00f3n de Futbol en el CCEP depender\u00e1 de una SUB-COMISI\u00d3N DE FUTBOL integrada por un Capit\u00e1n y por un Sub-capit\u00e1n designados por la Comisi\u00f3n Directiva. Ellos podr\u00e1n a su vez designar entre los socios del CCEP a los colaboradores que estimen necesarios en funci\u00f3n de las necesidades y de los objetivos propuestos.<\/p>\n<p>Los integrantes de la SUB-COMISI\u00d3N DE FUTBOL deber\u00e1n cumplir con lo dispuesto en el presente reglamento y sus cargos se renovar\u00e1n anualmente coincidiendo con la Asamblea General Ordinaria del CCEP.<\/p>\n<p>Ser\u00e1 responsabilidad de la SUB-COMISI\u00d3N DE FUTBOL<\/p>\n<p>a) Hacer cumplir las normas del presente Reglamento en tiempo y forma.<\/p>\n<p>b) Organizar y coordinar la pr\u00e1ctica deportiva y la actividad social relacionada con el futbol.<\/p>\n<p>c) Mantener informado al Capit\u00e1n Deportivo del desarrollo de las actividades deportivas y del estado de las canchas y de las instalaciones vinculadas a la pr\u00e1ctica del futbol.<\/p>\n<p>d) Proponer a la CD planes y programas de desarrollo que estimulen entre los integrantes del CCEP la pr\u00e1ctica del futbol.<\/p>\n<p>[\/vc_column_text][\/vc_tta_section][vc_tta_section title=\u00bbRESERVA EN HORARIO DIURNO\u00bb tab_id=\u00bb1498146111052-a3aec295-607a\u00bb][vc_column_text]En caso en que el turno anterior al reservado est\u00e9 libre, los jugadores podr\u00e1n hacer uso de las canchas a partir de 15 minutos antes del inicio de su turno, no antes. En caso contrario la reserva ser\u00e1 cancelada (por considerarse que se hizo uso del turno anterior sin haberlo reservado).<\/p>\n<p>Ning\u00fan jugador podr\u00e1 estar registrado en m\u00e1s de una reserva al mismo tiempo. Para registrarse en un turno posterior, los jugadores deber\u00e1n esperar a que concluya \u00edntegramente el turno previo.[\/vc_column_text][\/vc_tta_section][vc_tta_section title=\u00bbRESERVA EN HORARIO NOCTURNO\u00bb tab_id=\u00bb1498146168266-59107eab-ecb6&#8243;][vc_column_text]En los horarios en que se encuentre abierta la secretar\u00eda se podr\u00e1n realizar reservas anticipadas (pueden ser telef\u00f3nicas) con hasta 24 hs. de anticipaci\u00f3n.<\/p>\n<p>Las reservas anticipadas podr\u00e1n ser canceladas hasta 2 horas antes del inicio del turno y no se aceptar\u00e1n cancelaciones con posterioridad a este plazo. El importe correspondiente a la iluminaci\u00f3n de la cancha\u00a0es de $200, cargo que ser\u00e1 debitado en su pr\u00f3xima factura mensual, o abonado en Secretar\u00eda Deportiva el mismo d\u00eda de su uso.[\/vc_column_text][\/vc_tta_section][vc_tta_section title=\u00bbOTRAS CONSIDERACIONES SOBRE EL USO DE CANCHAS\u00bb tab_id=\u00bb1498146199625-d58cfb6c-3775&#8243;][vc_column_text]Salvo excepciones oportunamente comunicadas por la Comisi\u00f3n Directiva o la Sub-comisi\u00f3n de Futbol, las canchas 1 2 y 3 ser\u00e1n para uso exclusivo de los Socios.<\/p>\n<p>Podr\u00e1n los socios invitar a jugadores externos al complejo, abonando un cannon por hora de $ 1.600,00.- por el uso de la Cancha N\u00b0 1 y de $ 1.400,00.- por el uso de la Cancha N\u00b0 2. Este importe ser\u00e1 debitado en su pr\u00f3xima factura mensual, o abonado en Secretar\u00eda Deportiva el mismo d\u00eda de su uso.<\/p>\n<p>Podr\u00e1n organizarse cumplea\u00f1os infantiles con la debida reserva de un socio realizada en Secretar\u00eda Deportiva informando d\u00eda, horario y cantidad de personas y ser\u00e1 obligatorio la presencia de al menos UN mayor (dependiendo la cantidad de invitados) que est\u00e9(n) a cargo de la organizaci\u00f3n y control de los ni\u00f1os y\/o adolescentes.\u00a0 Antes del d\u00eda del evento deber\u00e1 tener completada una ficha que deber\u00e1 retirar en Secretar\u00eda Deportiva.[\/vc_column_text][\/vc_tta_section][vc_tta_section title=\u00bbHABILITACI\u00d3N Y ACONDICIONAMIENTO DE CANCHAS\u00bb tab_id=\u00bb1498146231233-f3c5b605-4182&#8243;][vc_column_text]El acondicionamiento, habilitaci\u00f3n o inhabilitaci\u00f3n (por circunstancias clim\u00e1ticas) de las canchas ser\u00e1 responsabilidad exclusiva del personal autorizado por la Comisi\u00f3n Directiva.<\/p>\n<p>Autoridad de aplicaci\u00f3n:<\/p>\n<p>Se considera ENCARGADO al empleado del CCEP, quien durante su horario de labor se encuentra a cargo de la asignaci\u00f3n de turnos, del mantenimiento de las canchas y de supervisar el cumplimiento del presente reglamento.<\/p>\n<p>De acuerdo al orden de prelaci\u00f3n estatutaria son los miembros titulares de la Comisi\u00f3n Directiva.<\/p>\n<p>Ser\u00e1n severamente sancionadas aquellas personas reiterativas en anotaciones irregulares.[\/vc_column_text][\/vc_tta_section][\/vc_tta_accordion][\/vc_column][\/vc_row][vc_row][vc_column][\/vc_column][\/vc_row][vc_row][vc_column][\/vc_column][\/vc_row]<\/p>\n","protected":false},"excerpt":{"rendered":"<p>[vc_row][vc_column][rev_slider_vc alias=\u00bbslider34&#8243;][vc_column_text] [\/vc_column_text][\/vc_column][\/vc_row][vc_row][vc_column width=\u00bb2\/3&#8243;][vc_column_text] Para reservas online por primera vez solicite la clave en Secretar\u00eda Deportiva USO Y MANEJO DE LAS CANCHAS DE\u00a0F\u00daTBOL \u00bfPara qu\u00e9? Las canchas de f\u00fatbol son un espacio para utilizar en la pr\u00e1ctica de deportes de campo, como: (f\u00fatbol, hockey, rugby y otros) y tambi\u00e9n para la pr\u00e1ctica recreativa, cualquier otro <\/p>\n","protected":false},"author":2,"featured_media":0,"parent":0,"menu_order":0,"comment_status":"closed","ping_status":"closed","template":"","meta":[],"_links":{"self":[{"href":"https:\/\/clubdecampoelpaso.com.ar\/club\/wp-json\/wp\/v2\/pages\/2878"}],"collection":[{"href":"https:\/\/clubdecampoelpaso.com.ar\/club\/wp-json\/wp\/v2\/pages"}],"about":[{"href":"https:\/\/clubdecampoelpaso.com.ar\/club\/wp-json\/wp\/v2\/types\/page"}],"author":[{"embeddable":true,"href":"https:\/\/clubdecampoelpaso.com.ar\/club\/wp-json\/wp\/v2\/users\/2"}],"replies":[{"embeddable":true,"href":"https:\/\/clubdecampoelpaso.com.ar\/club\/wp-json\/wp\/v2\/comments?post=2878"}],"version-history":[{"count":31,"href":"https:\/\/clubdecampoelpaso.com.ar\/club\/wp-json\/wp\/v2\/pages\/2878\/revisions"}],"predecessor-version":[{"id":10204,"href":"https:\/\/clubdecampoelpaso.com.ar\/club\/wp-json\/wp\/v2\/pages\/2878\/revisions\/10204"}],"wp:attachment":[{"href":"https:\/\/clubdecampoelpaso.com.ar\/club\/wp-json\/wp\/v2\/media?parent=2878"}],"curies":[{"name":"wp","href":"https:\/\/api.w.org\/{rel}","templated":true}]}}