{"id":183,"date":"2016-08-26T14:03:53","date_gmt":"2016-08-26T14:03:53","guid":{"rendered":"http:\/\/td_uid_1_57c04c49e76a9"},"modified":"2020-05-26T19:35:13","modified_gmt":"2020-05-26T19:35:13","slug":"home","status":"publish","type":"page","link":"https:\/\/clubdecampoelpaso.com.ar\/club\/","title":{"rendered":"Home"},"content":{"rendered":"<p>[vc_row][vc_column][vc_row_inner][vc_column_inner][rev_slider_vc alias=\u00bbhome_slider\u00bb][\/vc_column_inner][\/vc_row_inner][\/vc_column][\/vc_row][vc_row el_class=\u00bbtd-ss-row\u00bb][vc_column width=\u00bb2\/3&#8243;]<script>var block_td_uid_1_69da716a3b265 = new tdBlock();\nblock_td_uid_1_69da716a3b265.id = \"td_uid_1_69da716a3b265\";\nblock_td_uid_1_69da716a3b265.atts = '{\"custom_title\":\"NOVEDADES DESTACADAS\",\"category_id\":\"31\",\"limit\":\"2\",\"class\":\"td_uid_1_69da716a3b265_rand\"}';\nblock_td_uid_1_69da716a3b265.td_column_number = \"1\";\nblock_td_uid_1_69da716a3b265.block_type = \"td_block_2\";\nblock_td_uid_1_69da716a3b265.post_count = \"2\";\nblock_td_uid_1_69da716a3b265.found_posts = \"3\";\nblock_td_uid_1_69da716a3b265.header_color = \"\";\nblock_td_uid_1_69da716a3b265.ajax_pagination_infinite_stop = \"\";\nblock_td_uid_1_69da716a3b265.max_num_pages = \"2\";\ntdBlocksArray.push(block_td_uid_1_69da716a3b265);\n<\/script><div class=\"td_block_wrap td_block_2 td_uid_1_69da716a3b265_rand td-pb-border-top\"><h4 class=\"block-title\"><span>NOVEDADES DESTACADAS<\/span><\/h4><div id=td_uid_1_69da716a3b265 class=\"td_block_inner\">\n\n\t<div class=\"td-block-span12\">\n\n        <div class=\"td_module_2 td_module_wrap td-animation-stack\">\n            <div class=\"td-module-image\">\n                <div class=\"td-module-thumb\"><a href=\"https:\/\/clubdecampoelpaso.com.ar\/club\/elecciones-de-autoridades\/\" rel=\"bookmark\" title=\"Elecciones de Autoridades\"><img width=\"324\" height=\"160\" class=\"entry-thumb\" src=\"https:\/\/clubdecampoelpaso.com.ar\/club\/wp-content\/uploads\/2022\/05\/CD-2022-2024-324x160.png\" alt=\"\" title=\"Elecciones de Autoridades\"\/><\/a><\/div>                            <\/div>\n            <h3 class=\"entry-title td-module-title\"><a href=\"https:\/\/clubdecampoelpaso.com.ar\/club\/elecciones-de-autoridades\/\" rel=\"bookmark\" title=\"Elecciones de Autoridades\">Elecciones de Autoridades<\/a><\/h3>\n\n            <div class=\"td-module-meta-info\">\n                                <div class=\"td-post-date\"><time class=\"entry-date updated td-module-date\" datetime=\"2022-05-04T19:58:36+00:00\" >4 mayo, 2022<\/time><\/div>                            <\/div>\n\n\n            <div class=\"td-excerpt\">\n                \n3 de Mayo de 2022\n            <\/div>\n\n            \n        <\/div>\n\n        \n\t<\/div> <!-- .\/td-block-span12 -->\n\n\t<div class=\"td-block-span12\">\n\n        <div class=\"td_module_6 td_module_wrap td-animation-stack\">\n\n        <div class=\"td-module-thumb\"><a href=\"https:\/\/clubdecampoelpaso.com.ar\/club\/club-de-campo-el-paso-presente-en-la-asamblea-general-ordinaria-y-reunion-del-consejo-directivo-de-la-federacion-de-golf-del-sur-del-litoral\/\" rel=\"bookmark\" title=\"Club de Campo El Paso presente en la Asamblea General Ordinaria y reuni\u00f3n del Consejo Directivo de la Federaci\u00f3n de Golf del Sur del Litoral.\"><img width=\"100\" height=\"70\" class=\"entry-thumb\" src=\"https:\/\/clubdecampoelpaso.com.ar\/club\/wp-content\/uploads\/2022\/03\/FEDE-28-03-100x70.png\" alt=\"En la foto: Luis Caucino, Presidente saliente de la Federaci\u00f3n, Lucila Alberdi, Vocal Titular del Consejo Directivo de la Federaci\u00f3n y miembro de la Comisi\u00f3n de Damas del la AAG, Mauro Croce, Norberto Gruffat, nuevo Presidente, y los delegados del Club Ricardo Aguirre y Juan Ignacio Trento:\" title=\"Club de Campo El Paso presente en la Asamblea General Ordinaria y reuni\u00f3n del Consejo Directivo de la Federaci\u00f3n de Golf del Sur del Litoral.\"\/><\/a><\/div>\n        <div class=\"item-details\">\n            <h3 class=\"entry-title td-module-title\"><a href=\"https:\/\/clubdecampoelpaso.com.ar\/club\/club-de-campo-el-paso-presente-en-la-asamblea-general-ordinaria-y-reunion-del-consejo-directivo-de-la-federacion-de-golf-del-sur-del-litoral\/\" rel=\"bookmark\" title=\"Club de Campo El Paso presente en la Asamblea General Ordinaria y reuni\u00f3n del Consejo Directivo de la Federaci\u00f3n de Golf del Sur del Litoral.\">Club de Campo El Paso presente en la Asamblea General Ordinaria...<\/a><\/h3>            <div class=\"td-module-meta-info\">\n                                                <div class=\"td-post-date\"><time class=\"entry-date updated td-module-date\" datetime=\"2022-03-29T21:13:52+00:00\" >29 marzo, 2022<\/time><\/div>                            <\/div>\n        <\/div>\n\n        <\/div>\n\n        \n\t<\/div> <!-- .\/td-block-span12 --><\/div><\/div> <!-- .\/block --><script>var block_td_uid_2_69da716a3c939 = new tdBlock();\nblock_td_uid_2_69da716a3c939.id = \"td_uid_2_69da716a3c939\";\nblock_td_uid_2_69da716a3c939.atts = '{\"custom_title\":\"\\u00daLTIMAS NOVEDADES\",\"limit\":\"8\",\"class\":\"td_uid_2_69da716a3c939_rand\"}';\nblock_td_uid_2_69da716a3c939.td_column_number = \"1\";\nblock_td_uid_2_69da716a3c939.block_type = \"td_block_2\";\nblock_td_uid_2_69da716a3c939.post_count = \"8\";\nblock_td_uid_2_69da716a3c939.found_posts = \"29\";\nblock_td_uid_2_69da716a3c939.header_color = \"\";\nblock_td_uid_2_69da716a3c939.ajax_pagination_infinite_stop = \"\";\nblock_td_uid_2_69da716a3c939.max_num_pages = \"4\";\ntdBlocksArray.push(block_td_uid_2_69da716a3c939);\n<\/script><div class=\"td_block_wrap td_block_2 td_uid_2_69da716a3c939_rand td-pb-border-top\"><h4 class=\"block-title\"><span>\u00daLTIMAS NOVEDADES<\/span><\/h4><div id=td_uid_2_69da716a3c939 class=\"td_block_inner\">\n\n\t<div class=\"td-block-span12\">\n\n        <div class=\"td_module_2 td_module_wrap td-animation-stack\">\n            <div class=\"td-module-image\">\n                <div class=\"td-module-thumb\"><a href=\"https:\/\/clubdecampoelpaso.com.ar\/club\/torneo-apertura-resultados\/\" rel=\"bookmark\" title=\"Torneo Apertura &#8211; Resultados\"><img width=\"324\" height=\"160\" class=\"entry-thumb\" src=\"https:\/\/clubdecampoelpaso.com.ar\/club\/wp-content\/uploads\/2023\/03\/RESULTADOS-1-WEB-324x160.png\" alt=\"\" title=\"Torneo Apertura &#8211; Resultados\"\/><\/a><\/div>                            <\/div>\n            <h3 class=\"entry-title td-module-title\"><a href=\"https:\/\/clubdecampoelpaso.com.ar\/club\/torneo-apertura-resultados\/\" rel=\"bookmark\" title=\"Torneo Apertura &#8211; Resultados\">Torneo Apertura &#8211; Resultados<\/a><\/h3>\n\n            <div class=\"td-module-meta-info\">\n                                <div class=\"td-post-date\"><time class=\"entry-date updated td-module-date\" datetime=\"2023-03-18T18:16:54+00:00\" >18 marzo, 2023<\/time><\/div>                            <\/div>\n\n\n            <div class=\"td-excerpt\">\n                            <\/div>\n\n            \n        <\/div>\n\n        \n\t<\/div> <!-- .\/td-block-span12 -->\n\n\t<div class=\"td-block-span12\">\n\n        <div class=\"td_module_6 td_module_wrap td-animation-stack\">\n\n        <div class=\"td-module-thumb\"><a href=\"https:\/\/clubdecampoelpaso.com.ar\/club\/note-recibida-desde-la-fgsl-en-agradecimiento-por-la-disputa-del-1o-torneo-de-menores-temporada-2023\/\" rel=\"bookmark\" title=\"Note recibida desde la FGSL en agradecimiento por la disputa del 1\u00ba Torneo de Menores \u2013 Temporada 2023.\"><img width=\"100\" height=\"70\" class=\"entry-thumb\" src=\"https:\/\/clubdecampoelpaso.com.ar\/club\/wp-content\/uploads\/2023\/03\/NOTA-AGARDEC-FGSL-100x70.png\" alt=\"\" title=\"Note recibida desde la FGSL en agradecimiento por la disputa del 1\u00ba Torneo de Menores \u2013 Temporada 2023.\"\/><\/a><\/div>\n        <div class=\"item-details\">\n            <h3 class=\"entry-title td-module-title\"><a href=\"https:\/\/clubdecampoelpaso.com.ar\/club\/note-recibida-desde-la-fgsl-en-agradecimiento-por-la-disputa-del-1o-torneo-de-menores-temporada-2023\/\" rel=\"bookmark\" title=\"Note recibida desde la FGSL en agradecimiento por la disputa del 1\u00ba Torneo de Menores \u2013 Temporada 2023.\">Note recibida desde la FGSL en agradecimiento por la disputa del...<\/a><\/h3>            <div class=\"td-module-meta-info\">\n                                                <div class=\"td-post-date\"><time class=\"entry-date updated td-module-date\" datetime=\"2023-03-10T14:59:55+00:00\" >10 marzo, 2023<\/time><\/div>                            <\/div>\n        <\/div>\n\n        <\/div>\n\n        \n\t<\/div> <!-- .\/td-block-span12 -->\n\n\t<div class=\"td-block-span12\">\n\n        <div class=\"td_module_6 td_module_wrap td-animation-stack\">\n\n        <div class=\"td-module-thumb\"><a href=\"https:\/\/clubdecampoelpaso.com.ar\/club\/apertura-01\/\" rel=\"bookmark\" title=\"Torneo Apertura 2023\"><img width=\"100\" height=\"70\" class=\"entry-thumb\" src=\"https:\/\/clubdecampoelpaso.com.ar\/club\/wp-content\/uploads\/2023\/03\/APERTURA-2023-1-100x70.png\" alt=\"\" title=\"Torneo Apertura 2023\"\/><\/a><\/div>\n        <div class=\"item-details\">\n            <h3 class=\"entry-title td-module-title\"><a href=\"https:\/\/clubdecampoelpaso.com.ar\/club\/apertura-01\/\" rel=\"bookmark\" title=\"Torneo Apertura 2023\">Torneo Apertura 2023<\/a><\/h3>            <div class=\"td-module-meta-info\">\n                                                <div class=\"td-post-date\"><time class=\"entry-date updated td-module-date\" datetime=\"2023-03-08T22:08:23+00:00\" >8 marzo, 2023<\/time><\/div>                            <\/div>\n        <\/div>\n\n        <\/div>\n\n        \n\t<\/div> <!-- .\/td-block-span12 -->\n\n\t<div class=\"td-block-span12\">\n\n        <div class=\"td_module_6 td_module_wrap td-animation-stack\">\n\n        <div class=\"td-module-thumb\"><a href=\"https:\/\/clubdecampoelpaso.com.ar\/club\/torneo-26-ranking-menores-y-juveniles-19o-ranking-de-menores-sin-handicap-federacion-de-golf-del-sur-del-litoral\/\" rel=\"bookmark\" title=\"Torneo  26\u00b0 Ranking Menores y Juveniles &#8211; 19\u00ba Ranking de Menores sin h\u00e1ndicap &#8211; Federaci\u00f3n de Golf del  Sur del Litoral\"><img width=\"100\" height=\"70\" class=\"entry-thumb\" src=\"https:\/\/clubdecampoelpaso.com.ar\/club\/wp-content\/uploads\/2023\/03\/RSULTADOS-1-100x70.png\" alt=\"\" title=\"Torneo  26\u00b0 Ranking Menores y Juveniles &#8211; 19\u00ba Ranking de Menores sin h\u00e1ndicap &#8211; Federaci\u00f3n de Golf del  Sur del Litoral\"\/><\/a><\/div>\n        <div class=\"item-details\">\n            <h3 class=\"entry-title td-module-title\"><a href=\"https:\/\/clubdecampoelpaso.com.ar\/club\/torneo-26-ranking-menores-y-juveniles-19o-ranking-de-menores-sin-handicap-federacion-de-golf-del-sur-del-litoral\/\" rel=\"bookmark\" title=\"Torneo  26\u00b0 Ranking Menores y Juveniles &#8211; 19\u00ba Ranking de Menores sin h\u00e1ndicap &#8211; Federaci\u00f3n de Golf del  Sur del Litoral\">Torneo  26\u00b0 Ranking Menores y Juveniles &#8211; 19\u00ba Ranking de...<\/a><\/h3>            <div class=\"td-module-meta-info\">\n                                                <div class=\"td-post-date\"><time class=\"entry-date updated td-module-date\" datetime=\"2023-03-07T20:57:13+00:00\" >7 marzo, 2023<\/time><\/div>                            <\/div>\n        <\/div>\n\n        <\/div>\n\n        \n\t<\/div> <!-- .\/td-block-span12 -->\n\n\t<div class=\"td-block-span12\">\n\n        <div class=\"td_module_6 td_module_wrap td-animation-stack\">\n\n        <div class=\"td-module-thumb\"><a href=\"https:\/\/clubdecampoelpaso.com.ar\/club\/torneo-iniciacion-copa-presidente-resultados-02\/\" rel=\"bookmark\" title=\"Torneo Iniciaci\u00f3n \u00abCopa Presidente\u00bb  Resultados\"><img width=\"100\" height=\"70\" class=\"entry-thumb\" src=\"https:\/\/clubdecampoelpaso.com.ar\/club\/wp-content\/uploads\/2023\/03\/RESULTADOS-1-100x70.png\" alt=\"\" title=\"Torneo Iniciaci\u00f3n \u00abCopa Presidente\u00bb  Resultados\"\/><\/a><\/div>\n        <div class=\"item-details\">\n            <h3 class=\"entry-title td-module-title\"><a href=\"https:\/\/clubdecampoelpaso.com.ar\/club\/torneo-iniciacion-copa-presidente-resultados-02\/\" rel=\"bookmark\" title=\"Torneo Iniciaci\u00f3n \u00abCopa Presidente\u00bb  Resultados\">Torneo Iniciaci\u00f3n \u00abCopa Presidente\u00bb  Resultados<\/a><\/h3>            <div class=\"td-module-meta-info\">\n                                                <div class=\"td-post-date\"><time class=\"entry-date updated td-module-date\" datetime=\"2023-03-07T20:03:29+00:00\" >7 marzo, 2023<\/time><\/div>                            <\/div>\n        <\/div>\n\n        <\/div>\n\n        \n\t<\/div> <!-- .\/td-block-span12 -->\n\n\t<div class=\"td-block-span12\">\n\n        <div class=\"td_module_6 td_module_wrap td-animation-stack\">\n\n        <div class=\"td-module-thumb\"><a href=\"https:\/\/clubdecampoelpaso.com.ar\/club\/torneo-jeep-resultados-01\/\" rel=\"bookmark\" title=\"Torneo Jeep &#8211; Resultados\"><img width=\"100\" height=\"70\" class=\"entry-thumb\" src=\"https:\/\/clubdecampoelpaso.com.ar\/club\/wp-content\/uploads\/2022\/11\/JEEP-WEB-1-100x70.png\" alt=\"\" title=\"Torneo Jeep &#8211; Resultados\"\/><\/a><\/div>\n        <div class=\"item-details\">\n            <h3 class=\"entry-title td-module-title\"><a href=\"https:\/\/clubdecampoelpaso.com.ar\/club\/torneo-jeep-resultados-01\/\" rel=\"bookmark\" title=\"Torneo Jeep &#8211; Resultados\">Torneo Jeep &#8211; Resultados<\/a><\/h3>            <div class=\"td-module-meta-info\">\n                                                <div class=\"td-post-date\"><time class=\"entry-date updated td-module-date\" datetime=\"2022-11-26T15:32:03+00:00\" >26 noviembre, 2022<\/time><\/div>                            <\/div>\n        <\/div>\n\n        <\/div>\n\n        \n\t<\/div> <!-- .\/td-block-span12 -->\n\n\t<div class=\"td-block-span12\">\n\n        <div class=\"td_module_6 td_module_wrap td-animation-stack\">\n\n        <div class=\"td-module-thumb\"><a href=\"https:\/\/clubdecampoelpaso.com.ar\/club\/resultados-torneo-costa-del-salado\/\" rel=\"bookmark\" title=\"Resultados Torneo Costa del Salado\"><img width=\"100\" height=\"70\" class=\"entry-thumb\" src=\"https:\/\/clubdecampoelpaso.com.ar\/club\/wp-content\/uploads\/2022\/11\/RES-COSTA-DEL-SALADO-WEB-1-100x70.png\" alt=\"\" title=\"Resultados Torneo Costa del Salado\"\/><\/a><\/div>\n        <div class=\"item-details\">\n            <h3 class=\"entry-title td-module-title\"><a href=\"https:\/\/clubdecampoelpaso.com.ar\/club\/resultados-torneo-costa-del-salado\/\" rel=\"bookmark\" title=\"Resultados Torneo Costa del Salado\">Resultados Torneo Costa del Salado<\/a><\/h3>            <div class=\"td-module-meta-info\">\n                                                <div class=\"td-post-date\"><time class=\"entry-date updated td-module-date\" datetime=\"2022-11-01T19:15:57+00:00\" >1 noviembre, 2022<\/time><\/div>                            <\/div>\n        <\/div>\n\n        <\/div>\n\n        \n\t<\/div> <!-- .\/td-block-span12 -->\n\n\t<div class=\"td-block-span12\">\n\n        <div class=\"td_module_6 td_module_wrap td-animation-stack\">\n\n        <div class=\"td-module-thumb\"><a href=\"https:\/\/clubdecampoelpaso.com.ar\/club\/xxiv-abierto-club-de-campo-el-paso-16a-copa-angel-p-malvicino\/\" rel=\"bookmark\" title=\"XXIV Abierto Club de Campo El Paso   16\u00aa Copa \u00ab\u00c1ngel P. Malvicino\u00bb\"><img width=\"100\" height=\"70\" class=\"entry-thumb\" src=\"https:\/\/clubdecampoelpaso.com.ar\/club\/wp-content\/uploads\/2022\/10\/AB-IERTO-2022-WEB-1-100x70.png\" alt=\"\" title=\"XXIV Abierto Club de Campo El Paso   16\u00aa Copa \u00ab\u00c1ngel P. Malvicino\u00bb\"\/><\/a><\/div>\n        <div class=\"item-details\">\n            <h3 class=\"entry-title td-module-title\"><a href=\"https:\/\/clubdecampoelpaso.com.ar\/club\/xxiv-abierto-club-de-campo-el-paso-16a-copa-angel-p-malvicino\/\" rel=\"bookmark\" title=\"XXIV Abierto Club de Campo El Paso   16\u00aa Copa \u00ab\u00c1ngel P. Malvicino\u00bb\">XXIV Abierto Club de Campo El Paso   16\u00aa Copa...<\/a><\/h3>            <div class=\"td-module-meta-info\">\n                                                <div class=\"td-post-date\"><time class=\"entry-date updated td-module-date\" datetime=\"2022-10-23T22:28:15+00:00\" >23 octubre, 2022<\/time><\/div>                            <\/div>\n        <\/div>\n\n        <\/div>\n\n        \n\t<\/div> <!-- .\/td-block-span12 --><\/div><\/div> <!-- .\/block -->[vc_separator][vc_row_inner][vc_column_inner width=\u00bb1\/2&#8243;][vc_single_image image=\u00bb1829&#8243; img_size=\u00bbfull\u00bb onclick=\u00bbcustom_link\u00bb link=\u00bbhttp:\/\/clubdecampoelpaso.com.ar\/club\/handicap\/\u00bb][\/vc_column_inner][vc_column_inner width=\u00bb1\/2&#8243;][vc_single_image image=\u00bb1832&#8243; img_size=\u00bbfull\u00bb onclick=\u00bbcustom_link\u00bb link=\u00bbhttp:\/\/clubdecampoelpaso.com.ar\/club\/la-cancha\/\u00bb][\/vc_column_inner][\/vc_row_inner][\/vc_column][vc_column width=\u00bb1\/3&#8243;][vc_empty_space][vc_empty_space][vc_single_image image=\u00bb1812&#8243; img_size=\u00bbfull\u00bb alignment=\u00bbcenter\u00bb onclick=\u00bbcustom_link\u00bb link=\u00bbhttp:\/\/clubdecampoelpaso.com.ar\/club\/proximo-torneo\/\u00bb][vc_single_image image=\u00bb1813&#8243; img_size=\u00bbfull\u00bb alignment=\u00bbcenter\u00bb onclick=\u00bbcustom_link\u00bb link=\u00bbhttp:\/\/clubdecampoelpaso.com.ar\/club\/resultados-de-torneos\/\u00bb][vc_single_image image=\u00bb2822&#8243; img_size=\u00bbfull\u00bb alignment=\u00bbcenter\u00bb onclick=\u00bbcustom_link\u00bb link=\u00bbhttp:\/\/clubdecampoelpaso.com.ar\/club\/tenis-2\/\u00bb][vc_single_image image=\u00bb2821&#8243; img_size=\u00bbfull\u00bb alignment=\u00bbcenter\u00bb onclick=\u00bbcustom_link\u00bb link=\u00bbhttp:\/\/clubdecampoelpaso.com.ar\/club\/futbol_alquiler\/\u00bb][vc_separator][vc_single_image image=\u00bb1840&#8243; img_size=\u00bb300&#215;137&#8243; alignment=\u00bbcenter\u00bb onclick=\u00bbcustom_link\u00bb img_link_target=\u00bb_blank\u00bb link=\u00bbhttps:\/\/www.aag.org.ar\/\u00bb][vc_single_image image=\u00bb1836&#8243; img_size=\u00bb300X137&#8243; alignment=\u00bbcenter\u00bb onclick=\u00bbcustom_link\u00bb img_link_target=\u00bb_blank\u00bb link=\u00bbhttp:\/\/www.smartgolf.com.ar\/\u00bb][vc_single_image image=\u00bb1838&#8243; img_size=\u00bb300&#215;137&#8243; alignment=\u00bbcenter\u00bb onclick=\u00bbcustom_link\u00bb img_link_target=\u00bb_blank\u00bb link=\u00bbhttp:\/\/fedegolf.org.ar\/pagina_principal\/index.php\u00bb][vc_separator][vc_single_image image=\u00bb1819&#8243; img_size=\u00bbfull\u00bb alignment=\u00bbcenter\u00bb onclick=\u00bbcustom_link\u00bb img_link_target=\u00bb_blank\u00bb link=\u00bbhttp:\/\/elpaso.bmsolucionessrl.net.ar:82&#8243;][\/vc_column][\/vc_row]<\/p>\n","protected":false},"excerpt":{"rendered":"<p>[vc_row][vc_column][vc_row_inner][vc_column_inner][rev_slider_vc alias=\u00bbhome_slider\u00bb][\/vc_column_inner][\/vc_row_inner][\/vc_column][\/vc_row][vc_row el_class=\u00bbtd-ss-row\u00bb][vc_column width=\u00bb2\/3&#8243;][vc_separator][vc_row_inner][vc_column_inner width=\u00bb1\/2&#8243;][vc_single_image image=\u00bb1829&#8243; img_size=\u00bbfull\u00bb onclick=\u00bbcustom_link\u00bb link=\u00bbhttp:\/\/clubdecampoelpaso.com.ar\/club\/handicap\/\u00bb][\/vc_column_inner][vc_column_inner width=\u00bb1\/2&#8243;][vc_single_image image=\u00bb1832&#8243; img_size=\u00bbfull\u00bb onclick=\u00bbcustom_link\u00bb link=\u00bbhttp:\/\/clubdecampoelpaso.com.ar\/club\/la-cancha\/\u00bb][\/vc_column_inner][\/vc_row_inner][\/vc_column][vc_column width=\u00bb1\/3&#8243;][vc_empty_space][vc_empty_space][vc_single_image image=\u00bb1812&#8243; img_size=\u00bbfull\u00bb alignment=\u00bbcenter\u00bb onclick=\u00bbcustom_link\u00bb link=\u00bbhttp:\/\/clubdecampoelpaso.com.ar\/club\/proximo-torneo\/\u00bb][vc_single_image image=\u00bb1813&#8243; img_size=\u00bbfull\u00bb alignment=\u00bbcenter\u00bb onclick=\u00bbcustom_link\u00bb link=\u00bbhttp:\/\/clubdecampoelpaso.com.ar\/club\/resultados-de-torneos\/\u00bb][vc_single_image image=\u00bb2822&#8243; img_size=\u00bbfull\u00bb alignment=\u00bbcenter\u00bb onclick=\u00bbcustom_link\u00bb link=\u00bbhttp:\/\/clubdecampoelpaso.com.ar\/club\/tenis-2\/\u00bb][vc_single_image image=\u00bb2821&#8243; img_size=\u00bbfull\u00bb alignment=\u00bbcenter\u00bb onclick=\u00bbcustom_link\u00bb link=\u00bbhttp:\/\/clubdecampoelpaso.com.ar\/club\/futbol_alquiler\/\u00bb][vc_separator][vc_single_image image=\u00bb1840&#8243; img_size=\u00bb300&#215;137&#8243; alignment=\u00bbcenter\u00bb onclick=\u00bbcustom_link\u00bb img_link_target=\u00bb_blank\u00bb link=\u00bbhttps:\/\/www.aag.org.ar\/\u00bb][vc_single_image image=\u00bb1836&#8243; img_size=\u00bb300X137&#8243; alignment=\u00bbcenter\u00bb onclick=\u00bbcustom_link\u00bb img_link_target=\u00bb_blank\u00bb link=\u00bbhttp:\/\/www.smartgolf.com.ar\/\u00bb][vc_single_image image=\u00bb1838&#8243; img_size=\u00bb300&#215;137&#8243; alignment=\u00bbcenter\u00bb onclick=\u00bbcustom_link\u00bb img_link_target=\u00bb_blank\u00bb link=\u00bbhttp:\/\/fedegolf.org.ar\/pagina_principal\/index.php\u00bb][vc_separator][vc_single_image image=\u00bb1819&#8243; img_size=\u00bbfull\u00bb <\/p>\n","protected":false},"author":2,"featured_media":0,"parent":0,"menu_order":0,"comment_status":"open","ping_status":"closed","template":"","meta":[],"_links":{"self":[{"href":"https:\/\/clubdecampoelpaso.com.ar\/club\/wp-json\/wp\/v2\/pages\/183"}],"collection":[{"href":"https:\/\/clubdecampoelpaso.com.ar\/club\/wp-json\/wp\/v2\/pages"}],"about":[{"href":"https:\/\/clubdecampoelpaso.com.ar\/club\/wp-json\/wp\/v2\/types\/page"}],"author":[{"embeddable":true,"href":"https:\/\/clubdecampoelpaso.com.ar\/club\/wp-json\/wp\/v2\/users\/2"}],"replies":[{"embeddable":true,"href":"https:\/\/clubdecampoelpaso.com.ar\/club\/wp-json\/wp\/v2\/comments?post=183"}],"version-history":[{"count":121,"href":"https:\/\/clubdecampoelpaso.com.ar\/club\/wp-json\/wp\/v2\/pages\/183\/revisions"}],"predecessor-version":[{"id":10280,"href":"https:\/\/clubdecampoelpaso.com.ar\/club\/wp-json\/wp\/v2\/pages\/183\/revisions\/10280"}],"wp:attachment":[{"href":"https:\/\/clubdecampoelpaso.com.ar\/club\/wp-json\/wp\/v2\/media?parent=183"}],"curies":[{"name":"wp","href":"https:\/\/api.w.org\/{rel}","templated":true}]}}